{"id":2022,"date":"2024-10-10T10:53:48","date_gmt":"2024-10-10T08:53:48","guid":{"rendered":"https:\/\/sansabogados.com\/?page_id=2022\/"},"modified":"2024-10-14T23:43:07","modified_gmt":"2024-10-14T21:43:07","slug":"deudas","status":"publish","type":"page","link":"https:\/\/sansabogados.com\/es\/serveis\/deudas\/","title":{"rendered":"Deudas"},"content":{"rendered":"\n<p class=\"has-black-color has-text-color has-link-color wp-elements-6abf4d77a14992c1a8d857dabf650a99\"><div class=\"fusion-fullwidth fullwidth-box nonhundred-percent-fullwidth non-hundred-percent-height-scrolling\"  style='background-color: rgba(255,255,255,0);background-position: left top;background-repeat: no-repeat;padding-top:50px;padding-right:0px;padding-bottom:20px;padding-left:0px;border-top-width:0px;border-bottom-width:0px;border-color:#eae9e9;border-top-style:solid;border-bottom-style:solid;'><div class=\"fusion-builder-row fusion-row \"><div  class=\"fusion-layout-column fusion_builder_column fusion_builder_column_1_1  fusion-one-full fusion-column-first fusion-column-last fusion-column-no-min-height 1_1\"  style='margin-top:0px;margin-bottom:0px;'>\n\t\t\t\t\t<div class=\"fusion-column-wrapper\" style=\"padding: 0px 0px 0px 0px;background-position:left top;background-repeat:no-repeat;-webkit-background-size:cover;-moz-background-size:cover;-o-background-size:cover;background-size:cover;\"  data-bg-url=\"\">\n\t\t\t\t\t\t<div class=\"fusion-sep-clear\"><\/div><div class=\"fusion-separator fusion-full-width-sep sep-single sep-solid\" style=\"border-color:#7a0040;border-top-width:5px;margin-left: auto;margin-right: auto;margin-top:0px;margin-bottom:0px;\"><\/div><div class=\"fusion-clearfix\"><\/div>\n\n\t\t\t\t\t<\/div>\n\t\t\t\t<\/div><div  class=\"fusion-layout-column fusion_builder_column fusion_builder_column_1_1  fusion-one-full fusion-column-first fusion-column-last fusion-blend-mode green-border rounded-border 1_1\"  style='margin-top:0px;margin-bottom:20px;'>\n\t\t\t\t\t<div class=\"fusion-column-wrapper\" style=\"background-color:#ffffff;border:1px solid #e2e2e2;padding: 60px 60px 50px 60px;background-position:left top;background-repeat:no-repeat;-webkit-background-size:cover;-moz-background-size:cover;-o-background-size:cover;background-size:cover;\"  data-bg-url=\"\">\n\t\t\t\t\t\t<div class=\"fusion-text\"><p><strong>\u00bfAgobiado por deudas? Te ayudamos a encontrar una salida.<\/strong><\/p>\n<p>Las deudas pueden convertirse r\u00e1pidamente en una carga que afecta todas las \u00e1reas de tu vida. En Sans Abogados, somos especialistas en ofrecer soluciones legales para que recuperes tu estabilidad econ\u00f3mica. Tanto si necesitas negociar con acreedores como si buscas acogerte a la Ley de Segunda Oportunidad, estamos aqu\u00ed para asesorarte y defender tus intereses.<\/p>\n<p><strong>Nuestros Servicios en Materia de Deudas<\/strong><\/p>\n<ul class=\"wp-block-list\">\n<li><strong>Negociaci\u00f3n de Deudas<\/strong>: Negociamos con tus acreedores para reducir o aplazar el pago de tus deudas. Nuestro objetivo es alcanzar acuerdos que te permitan salir de una situaci\u00f3n asfixiante sin perderlo todo.<\/li>\n<li><strong>Ley de Segunda Oportunidad<\/strong>: Si tus deudas son insostenibles, te ayudamos a acogerte a esta ley, que te permite liberarte de parte o la totalidad de las deudas, con ciertas condiciones. Este proceso puede ser la clave para que recuperes tu tranquilidad econ\u00f3mica.<\/li>\n<li><strong>Reclamaci\u00f3n de Impagos<\/strong>: Si te deben dinero y no sabes c\u00f3mo recuperarlo, nuestros abogados te ayudar\u00e1n a tomar las medidas legales necesarias para reclamar tus derechos y cobrar lo que te pertenece.<\/li>\n<li><strong>Embargos y Ejecuciones<\/strong>: Te ofrecemos soluciones para frenar los embargos y ejecuciones, buscando alternativas para que no pierdas tus bienes.<\/li>\n<\/ul>\n<p><strong>\u00bfPor Qu\u00e9 Elegir Sans Abogados?<\/strong><\/p>\n<ul class=\"wp-block-list\">\n<li><strong>Especialistas en Derecho de Deudas<\/strong>: Contamos con una amplia experiencia ayudando a personas y empresas a salir de situaciones financieras dif\u00edciles. Sabemos c\u00f3mo manejar los casos m\u00e1s complejos con rapidez y eficacia.<\/li>\n<li><strong>Soluciones Personalizadas<\/strong>: Cada situaci\u00f3n de deuda es \u00fanica. Te ofrecemos un enfoque personalizado que se adapte a tus circunstancias y objetivos.<\/li>\n<li><strong>Trato Humano y Cercano<\/strong>: Sabemos que estar endeudado puede generar mucha ansiedad. Te acompa\u00f1amos en cada paso, ofreciendo apoyo emocional adem\u00e1s de legal.<\/li>\n<\/ul>\n<p><strong>\u00a1Recupera el Control de Tus Finanzas!<\/strong><\/p>\n<p>No dejes que las deudas te controlen. Sans Abogados est\u00e1 aqu\u00ed para ofrecerte las mejores soluciones legales. Cont\u00e1ctanos ahora y solicita una consulta gratuita. Estamos a tu lado para ayudarte a superar esta situaci\u00f3n y comenzar de nuevo. \u00a1Ll\u00e1manos ya!<\/p>\n<div class=\"wp-block-contact-form-7-contact-form-selector\">\n<div class=\"wpcf7 no-js\" id=\"wpcf7-f1994-o1\" lang=\"es-ES\" dir=\"ltr\" data-wpcf7-id=\"1994\">\n<div class=\"screen-reader-response\"><p role=\"status\" aria-live=\"polite\" aria-atomic=\"true\"><\/p> <ul><\/ul><\/div>\n<form action=\"\/es\/wp-json\/wp\/v2\/pages\/2022#wpcf7-f1994-o1\" method=\"post\" class=\"wpcf7-form init\" aria-label=\"Formulario de contacto\" novalidate=\"novalidate\" data-status=\"init\">\n<div style=\"display: none;\">\n<input type=\"hidden\" name=\"_wpcf7\" value=\"1994\" \/>\n<input type=\"hidden\" name=\"_wpcf7_version\" value=\"6.0.6\" \/>\n<input type=\"hidden\" name=\"_wpcf7_locale\" value=\"es_ES\" \/>\n<input type=\"hidden\" name=\"_wpcf7_unit_tag\" value=\"wpcf7-f1994-o1\" \/>\n<input type=\"hidden\" name=\"_wpcf7_container_post\" value=\"0\" \/>\n<input type=\"hidden\" name=\"_wpcf7_posted_data_hash\" value=\"\" \/>\n<\/div>\n<p><label> Nom i Cognoms<br \/>\n<span class=\"wpcf7-form-control-wrap\" data-name=\"your-name\"><input size=\"40\" maxlength=\"400\" class=\"wpcf7-form-control wpcf7-text wpcf7-validates-as-required\" aria-required=\"true\" aria-invalid=\"false\" value=\"\" type=\"text\" name=\"your-name\" \/><\/span> <\/label>\n<\/p>\n<p><label> Correu Electr\u00f2nic<br \/>\n<span class=\"wpcf7-form-control-wrap\" data-name=\"your-email\"><input size=\"40\" maxlength=\"400\" class=\"wpcf7-form-control wpcf7-email wpcf7-validates-as-required wpcf7-text wpcf7-validates-as-email\" aria-required=\"true\" aria-invalid=\"false\" value=\"\" type=\"email\" name=\"your-email\" \/><\/span> <\/label>\n<\/p>\n<p><label> Tel\u00e8fon<br \/>\n<span class=\"wpcf7-form-control-wrap\" data-name=\"tel\"><input size=\"40\" maxlength=\"400\" class=\"wpcf7-form-control wpcf7-tel wpcf7-validates-as-required wpcf7-text wpcf7-validates-as-tel\" aria-required=\"true\" aria-invalid=\"false\" value=\"\" type=\"tel\" name=\"tel\" \/><\/span> <\/label>\n<\/p>\n<p><label> Com et podem ajudar?<br \/>\n<span class=\"wpcf7-form-control-wrap\" data-name=\"your-message\"><textarea cols=\"40\" rows=\"10\" maxlength=\"2000\" class=\"wpcf7-form-control wpcf7-textarea\" aria-invalid=\"false\" name=\"your-message\"><\/textarea><\/span> <\/label>\n<\/p>\n<p><input class=\"wpcf7-form-control wpcf7-submit has-spinner\" type=\"submit\" value=\"Enviar\" \/>\n<\/p><div class=\"fusion-alert alert custom alert-custom fusion-alert-center fusion-alert-capitalize alert-dismissable wpcf7-response-output\" style=\"background-color:;color:;border-color:;border-width:1px;\"><button style=\"color:;border-color:;\" type=\"button\" class=\"close toggle-alert\" data-dismiss=\"alert\" aria-hidden=\"true\">&times;<\/button><div class=\"fusion-alert-content-wrapper\"><span class=\"fusion-alert-content\"><\/span><\/div><\/div>\n<\/form>\n<\/div>\n<\/div>\n<\/div><div class=\"fusion-sep-clear\"><\/div><div class=\"fusion-separator fusion-full-width-sep sep-none\" style=\"margin-left: auto;margin-right: auto;margin-top:15px;margin-bottom:0px;\"><\/div><div class=\"fusion-clearfix\"><\/div>\n\n\t\t\t\t\t<\/div>\n\t\t\t\t<\/div><\/div><\/div><\/p>\n","protected":false},"excerpt":{"rendered":"","protected":false},"author":2,"featured_media":0,"parent":10,"menu_order":0,"comment_status":"closed","ping_status":"closed","template":"","meta":{"footnotes":""},"class_list":["post-2022","page","type-page","status-publish","hentry"],"_links":{"self":[{"href":"https:\/\/sansabogados.com\/es\/wp-json\/wp\/v2\/pages\/2022","targetHints":{"allow":["GET"]}}],"collection":[{"href":"https:\/\/sansabogados.com\/es\/wp-json\/wp\/v2\/pages"}],"about":[{"href":"https:\/\/sansabogados.com\/es\/wp-json\/wp\/v2\/types\/page"}],"author":[{"embeddable":true,"href":"https:\/\/sansabogados.com\/es\/wp-json\/wp\/v2\/users\/2"}],"replies":[{"embeddable":true,"href":"https:\/\/sansabogados.com\/es\/wp-json\/wp\/v2\/comments?post=2022"}],"version-history":[{"count":3,"href":"https:\/\/sansabogados.com\/es\/wp-json\/wp\/v2\/pages\/2022\/revisions"}],"predecessor-version":[{"id":2096,"href":"https:\/\/sansabogados.com\/es\/wp-json\/wp\/v2\/pages\/2022\/revisions\/2096"}],"up":[{"embeddable":true,"href":"https:\/\/sansabogados.com\/es\/wp-json\/wp\/v2\/pages\/10"}],"wp:attachment":[{"href":"https:\/\/sansabogados.com\/es\/wp-json\/wp\/v2\/media?parent=2022"}],"curies":[{"name":"wp","href":"https:\/\/api.w.org\/{rel}","templated":true}]}}