{"id":2019,"date":"2024-10-10T10:50:31","date_gmt":"2024-10-10T08:50:31","guid":{"rendered":"https:\/\/sansabogados.com\/?page_id=2019\/"},"modified":"2024-10-14T23:47:53","modified_gmt":"2024-10-14T21:47:53","slug":"arrendamientos","status":"publish","type":"page","link":"https:\/\/sansabogados.com\/es\/serveis\/arrendamientos\/","title":{"rendered":"Arrendamientos"},"content":{"rendered":"\n<div class=\"fusion-fullwidth fullwidth-box nonhundred-percent-fullwidth non-hundred-percent-height-scrolling\"  style='background-color: rgba(255,255,255,0);background-position: left top;background-repeat: no-repeat;padding-top:50px;padding-right:0px;padding-bottom:20px;padding-left:0px;border-top-width:0px;border-bottom-width:0px;border-color:#eae9e9;border-top-style:solid;border-bottom-style:solid;'><div class=\"fusion-builder-row fusion-row \"><div  class=\"fusion-layout-column fusion_builder_column fusion_builder_column_1_1  fusion-one-full fusion-column-first fusion-column-last fusion-column-no-min-height 1_1\"  style='margin-top:0px;margin-bottom:0px;'>\n\t\t\t\t\t<div class=\"fusion-column-wrapper\" style=\"padding: 0px 0px 0px 0px;background-position:left top;background-repeat:no-repeat;-webkit-background-size:cover;-moz-background-size:cover;-o-background-size:cover;background-size:cover;\"  data-bg-url=\"\">\n\t\t\t\t\t\t<div class=\"fusion-sep-clear\"><\/div><div class=\"fusion-separator fusion-full-width-sep sep-single sep-solid\" style=\"border-color:#7a0040;border-top-width:5px;margin-left: auto;margin-right: auto;margin-top:0px;margin-bottom:0px;\"><\/div><div class=\"fusion-clearfix\"><\/div>\n\n\t\t\t\t\t<\/div>\n\t\t\t\t<\/div><div  class=\"fusion-layout-column fusion_builder_column fusion_builder_column_1_1  fusion-one-full fusion-column-first fusion-column-last fusion-blend-mode green-border rounded-border 1_1\"  style='margin-top:0px;margin-bottom:20px;'>\n\t\t\t\t\t<div class=\"fusion-column-wrapper\" style=\"background-color:#ffffff;border:1px solid #e2e2e2;padding: 60px 60px 50px 60px;background-position:left top;background-repeat:no-repeat;-webkit-background-size:cover;-moz-background-size:cover;-o-background-size:cover;background-size:cover;\"  data-bg-url=\"\">\n\t\t\t\t\t\t<div class=\"fusion-text\"><p><strong>\u00bfProblemas con tu contrato de arrendamiento? Deja que Sans Abogados te ayude.<\/strong><\/p>\n<p>En el mundo del alquiler, los problemas entre propietarios e inquilinos pueden surgir con facilidad. En Sans Abogados, nos especializamos en resolver estos conflictos de manera r\u00e1pida y eficiente, protegiendo tus derechos y garantizando una soluci\u00f3n justa para ambas partes.<\/p>\n<p><strong>Nuestros Servicios de Arrendamientos<\/strong><\/p>\n<ul class=\"wp-block-list\">\n<li><strong>Revisi\u00f3n y Redacci\u00f3n de Contratos<\/strong>: Si eres propietario, te ayudamos a redactar contratos de arrendamiento que protejan tus derechos. Si eres inquilino, revisamos tu contrato para asegurarnos de que no contenga cl\u00e1usulas abusivas.<\/li>\n<li><strong>Reclamaci\u00f3n de Alquileres Impagados<\/strong>: Si tu inquilino no paga el alquiler, te asistimos en el proceso legal para recuperar tu dinero. Actuamos r\u00e1pidamente para que no pierdas m\u00e1s tiempo ni dinero.<\/li>\n<li><strong>Desahucios<\/strong>: En situaciones extremas, como inquilinos morosos o incumplimiento del contrato, gestionamos el proceso de desahucio de forma legal y efectiva, respetando todos los procedimientos judiciales.<\/li>\n<li><strong>Soluciones Amistosas<\/strong>: Siempre buscamos la mejor soluci\u00f3n para ambas partes. Si es posible, mediamos para llegar a un acuerdo que evite largos procesos judiciales.<\/li>\n<\/ul>\n<p><strong>\u00bfPor Qu\u00e9 Elegir Sans Abogados?<\/strong><\/p>\n<ul class=\"wp-block-list\">\n<li><strong>Expertos en Derecho Inmobiliario<\/strong>: Conocemos a fondo la legislaci\u00f3n relacionada con los arrendamientos y tenemos experiencia en resolver conflictos de manera eficiente.<\/li>\n<li><strong>Soluciones R\u00e1pidas<\/strong>: Sabemos que los problemas de arrendamiento no pueden esperar. Por eso, nos comprometemos a ofrecer soluciones r\u00e1pidas que minimicen el impacto econ\u00f3mico en tu vida.<\/li>\n<li><strong>Trato Cercano<\/strong>: Entendemos que cada situaci\u00f3n es \u00fanica. Te ofrecemos un servicio personalizado, escuchando tus necesidades y trabajando para conseguir los mejores resultados.<\/li>\n<\/ul>\n<p><strong>\u00a1Cont\u00e1ctanos Hoy!<\/strong><\/p>\n<p>Si est\u00e1s enfrentando problemas relacionados con arrendamientos, Sans Abogados es tu mejor opci\u00f3n. Ll\u00e1manos ahora y solicita tu consulta gratuita. Resolveremos tus problemas legales de manera eficiente y sin complicaciones. \u00a1No esperes m\u00e1s, estamos aqu\u00ed para ayudarte!<\/p>\n<div class=\"wp-block-contact-form-7-contact-form-selector\">\n<div class=\"wpcf7 no-js\" id=\"wpcf7-f1994-o1\" lang=\"es-ES\" dir=\"ltr\" data-wpcf7-id=\"1994\">\n<div class=\"screen-reader-response\"><p role=\"status\" aria-live=\"polite\" aria-atomic=\"true\"><\/p> <ul><\/ul><\/div>\n<form action=\"\/es\/wp-json\/wp\/v2\/pages\/2019#wpcf7-f1994-o1\" method=\"post\" class=\"wpcf7-form init\" aria-label=\"Formulario de contacto\" novalidate=\"novalidate\" data-status=\"init\">\n<div style=\"display: none;\">\n<input type=\"hidden\" name=\"_wpcf7\" value=\"1994\" \/>\n<input type=\"hidden\" name=\"_wpcf7_version\" value=\"6.0.6\" \/>\n<input type=\"hidden\" name=\"_wpcf7_locale\" value=\"es_ES\" \/>\n<input type=\"hidden\" name=\"_wpcf7_unit_tag\" value=\"wpcf7-f1994-o1\" \/>\n<input type=\"hidden\" name=\"_wpcf7_container_post\" value=\"0\" \/>\n<input type=\"hidden\" name=\"_wpcf7_posted_data_hash\" value=\"\" \/>\n<\/div>\n<p><label> Nom i Cognoms<br \/>\n<span class=\"wpcf7-form-control-wrap\" data-name=\"your-name\"><input size=\"40\" maxlength=\"400\" class=\"wpcf7-form-control wpcf7-text wpcf7-validates-as-required\" aria-required=\"true\" aria-invalid=\"false\" value=\"\" type=\"text\" name=\"your-name\" \/><\/span> <\/label>\n<\/p>\n<p><label> Correu Electr\u00f2nic<br \/>\n<span class=\"wpcf7-form-control-wrap\" data-name=\"your-email\"><input size=\"40\" maxlength=\"400\" class=\"wpcf7-form-control wpcf7-email wpcf7-validates-as-required wpcf7-text wpcf7-validates-as-email\" aria-required=\"true\" aria-invalid=\"false\" value=\"\" type=\"email\" name=\"your-email\" \/><\/span> <\/label>\n<\/p>\n<p><label> Tel\u00e8fon<br \/>\n<span class=\"wpcf7-form-control-wrap\" data-name=\"tel\"><input size=\"40\" maxlength=\"400\" class=\"wpcf7-form-control wpcf7-tel wpcf7-validates-as-required wpcf7-text wpcf7-validates-as-tel\" aria-required=\"true\" aria-invalid=\"false\" value=\"\" type=\"tel\" name=\"tel\" \/><\/span> <\/label>\n<\/p>\n<p><label> Com et podem ajudar?<br \/>\n<span class=\"wpcf7-form-control-wrap\" data-name=\"your-message\"><textarea cols=\"40\" rows=\"10\" maxlength=\"2000\" class=\"wpcf7-form-control wpcf7-textarea\" aria-invalid=\"false\" name=\"your-message\"><\/textarea><\/span> <\/label>\n<\/p>\n<p><input class=\"wpcf7-form-control wpcf7-submit has-spinner\" type=\"submit\" value=\"Enviar\" \/>\n<\/p><div class=\"fusion-alert alert custom alert-custom fusion-alert-center fusion-alert-capitalize alert-dismissable wpcf7-response-output\" style=\"background-color:;color:;border-color:;border-width:1px;\"><button style=\"color:;border-color:;\" type=\"button\" class=\"close toggle-alert\" data-dismiss=\"alert\" aria-hidden=\"true\">&times;<\/button><div class=\"fusion-alert-content-wrapper\"><span class=\"fusion-alert-content\"><\/span><\/div><\/div>\n<\/form>\n<\/div>\n<\/div>\n<\/div><div class=\"fusion-sep-clear\"><\/div><div class=\"fusion-separator fusion-full-width-sep sep-none\" style=\"margin-left: auto;margin-right: auto;margin-top:15px;margin-bottom:0px;\"><\/div><div class=\"fusion-clearfix\"><\/div>\n\n\t\t\t\t\t<\/div>\n\t\t\t\t<\/div><\/div><\/div>\n\n\n\n<p><\/p>\n","protected":false},"excerpt":{"rendered":"","protected":false},"author":2,"featured_media":0,"parent":10,"menu_order":0,"comment_status":"closed","ping_status":"closed","template":"","meta":{"footnotes":""},"class_list":["post-2019","page","type-page","status-publish","hentry"],"_links":{"self":[{"href":"https:\/\/sansabogados.com\/es\/wp-json\/wp\/v2\/pages\/2019","targetHints":{"allow":["GET"]}}],"collection":[{"href":"https:\/\/sansabogados.com\/es\/wp-json\/wp\/v2\/pages"}],"about":[{"href":"https:\/\/sansabogados.com\/es\/wp-json\/wp\/v2\/types\/page"}],"author":[{"embeddable":true,"href":"https:\/\/sansabogados.com\/es\/wp-json\/wp\/v2\/users\/2"}],"replies":[{"embeddable":true,"href":"https:\/\/sansabogados.com\/es\/wp-json\/wp\/v2\/comments?post=2019"}],"version-history":[{"count":3,"href":"https:\/\/sansabogados.com\/es\/wp-json\/wp\/v2\/pages\/2019\/revisions"}],"predecessor-version":[{"id":2100,"href":"https:\/\/sansabogados.com\/es\/wp-json\/wp\/v2\/pages\/2019\/revisions\/2100"}],"up":[{"embeddable":true,"href":"https:\/\/sansabogados.com\/es\/wp-json\/wp\/v2\/pages\/10"}],"wp:attachment":[{"href":"https:\/\/sansabogados.com\/es\/wp-json\/wp\/v2\/media?parent=2019"}],"curies":[{"name":"wp","href":"https:\/\/api.w.org\/{rel}","templated":true}]}}