{"id":2015,"date":"2024-10-10T10:35:07","date_gmt":"2024-10-10T08:35:07","guid":{"rendered":"https:\/\/sansabogados.com\/?page_id=2015\/"},"modified":"2024-10-14T23:59:35","modified_gmt":"2024-10-14T21:59:35","slug":"divorcios","status":"publish","type":"page","link":"https:\/\/sansabogados.com\/es\/serveis\/divorcios\/","title":{"rendered":"Divorcios"},"content":{"rendered":"\n<p class=\"has-black-color has-text-color has-link-color wp-elements-6abf4d77a14992c1a8d857dabf650a99\"><div class=\"fusion-fullwidth fullwidth-box nonhundred-percent-fullwidth non-hundred-percent-height-scrolling\"  style='background-color: rgba(255,255,255,0);background-position: left top;background-repeat: no-repeat;padding-top:50px;padding-right:0px;padding-bottom:20px;padding-left:0px;border-top-width:0px;border-bottom-width:0px;border-color:#eae9e9;border-top-style:solid;border-bottom-style:solid;'><div class=\"fusion-builder-row fusion-row \"><div  class=\"fusion-layout-column fusion_builder_column fusion_builder_column_1_1  fusion-one-full fusion-column-first fusion-column-last fusion-column-no-min-height 1_1\"  style='margin-top:0px;margin-bottom:0px;'>\n\t\t\t\t\t<div class=\"fusion-column-wrapper\" style=\"padding: 0px 0px 0px 0px;background-position:left top;background-repeat:no-repeat;-webkit-background-size:cover;-moz-background-size:cover;-o-background-size:cover;background-size:cover;\"  data-bg-url=\"\">\n\t\t\t\t\t\t<div class=\"fusion-sep-clear\"><\/div><div class=\"fusion-separator fusion-full-width-sep sep-single sep-solid\" style=\"border-color:#7a0040;border-top-width:5px;margin-left: auto;margin-right: auto;margin-top:0px;margin-bottom:0px;\"><\/div><div class=\"fusion-clearfix\"><\/div>\n\n\t\t\t\t\t<\/div>\n\t\t\t\t<\/div><div  class=\"fusion-layout-column fusion_builder_column fusion_builder_column_1_1  fusion-one-full fusion-column-first fusion-column-last fusion-blend-mode green-border rounded-border 1_1\"  style='margin-top:0px;margin-bottom:20px;'>\n\t\t\t\t\t<div class=\"fusion-column-wrapper\" style=\"background-color:#ffffff;border:1px solid #e2e2e2;padding: 60px 60px 50px 60px;background-position:left top;background-repeat:no-repeat;-webkit-background-size:cover;-moz-background-size:cover;-o-background-size:cover;background-size:cover;\"  data-bg-url=\"\">\n\t\t\t\t\t\t<div class=\"fusion-text\"><p><strong>\u00bfEst\u00e1s atravesando un divorcio? Nosotros te ayudamos a superar esta etapa.<\/strong><\/p>\n<p>El divorcio es una de las decisiones m\u00e1s dif\u00edciles en la vida de una persona, pero no tienes que enfrentarlo solo. En Sans Abogados, te ofrecemos un enfoque emp\u00e1tico y profesional para que este proceso sea lo menos doloroso posible. Ya sea que se trate de un divorcio de mutuo acuerdo o de un divorcio contencioso, nuestros abogados especializados est\u00e1n aqu\u00ed para proteger tus derechos y los de tu familia.<\/p>\n<p><strong>Nuestros Servicios de Divorcios<\/strong><\/p>\n<ul class=\"wp-block-list\">\n<li><strong>Divorcio de Mutuo Acuerdo<\/strong>: En este tipo de divorcio, buscamos que ambas partes lleguen a un acuerdo amistoso sobre la divisi\u00f3n de bienes y la custodia de los hijos. Este proceso es m\u00e1s r\u00e1pido, econ\u00f3mico y menos conflictivo.<\/li>\n<li><strong>Divorcio Contencioso<\/strong>: Si no es posible llegar a un acuerdo, defendemos tus intereses en un divorcio contencioso, asegur\u00e1ndonos de que recibas lo que te corresponde por ley.<\/li>\n<li><strong>Custodia de Menores<\/strong>: Sabemos que los ni\u00f1os son la prioridad. Te asesoramos en temas de custodia compartida o exclusiva, para garantizar su bienestar y estabilidad emocional.<\/li>\n<li><strong>Pensi\u00f3n de Alimentos<\/strong>: Nos aseguramos de que se establezcan las pensiones adecuadas para el mantenimiento de los hijos, conforme a la normativa vigente.<\/li>\n<\/ul>\n<p><strong>\u00bfPor Qu\u00e9 Elegir Sans Abogados?<\/strong><\/p>\n<ul class=\"wp-block-list\">\n<li><strong>Empat\u00eda y Comprensi\u00f3n<\/strong>: Nos preocupamos no solo por los aspectos legales, sino tambi\u00e9n por el bienestar emocional de nuestros clientes durante todo el proceso de divorcio.<\/li>\n<li><strong>Experiencia en Derecho Familiar<\/strong>: Contamos con a\u00f1os de experiencia en derecho de familia, lo que nos permite ofrecerte soluciones efectivas y adaptadas a tus necesidades.<\/li>\n<li><strong>Resultados R\u00e1pidos y Eficaces<\/strong>: Entendemos la importancia de resolver el divorcio lo m\u00e1s r\u00e1pido posible para que puedas seguir adelante con tu vida.<\/li>\n<\/ul>\n<p><strong>Solicita tu Consulta Gratuita Hoy<\/strong><\/p>\n<p>Si necesitas asesor\u00eda en un proceso de divorcio, Sans Abogados est\u00e1 aqu\u00ed para ayudarte. Cont\u00e1ctanos ahora y recibe una consulta gratuita. Te acompa\u00f1aremos en cada paso, asegur\u00e1ndonos de que tus derechos est\u00e9n protegidos y que el proceso sea lo m\u00e1s sencillo posible. \u00a1No enfrentes esta situaci\u00f3n solo!<\/p>\n<div class=\"wp-block-contact-form-7-contact-form-selector\">\n<div class=\"wpcf7 no-js\" id=\"wpcf7-f1994-o1\" lang=\"es-ES\" dir=\"ltr\" data-wpcf7-id=\"1994\">\n<div class=\"screen-reader-response\"><p role=\"status\" aria-live=\"polite\" aria-atomic=\"true\"><\/p> <ul><\/ul><\/div>\n<form action=\"\/es\/wp-json\/wp\/v2\/pages\/2015#wpcf7-f1994-o1\" method=\"post\" class=\"wpcf7-form init\" aria-label=\"Formulario de contacto\" novalidate=\"novalidate\" data-status=\"init\">\n<div style=\"display: none;\">\n<input type=\"hidden\" name=\"_wpcf7\" value=\"1994\" \/>\n<input type=\"hidden\" name=\"_wpcf7_version\" value=\"6.0.6\" \/>\n<input type=\"hidden\" name=\"_wpcf7_locale\" value=\"es_ES\" \/>\n<input type=\"hidden\" name=\"_wpcf7_unit_tag\" value=\"wpcf7-f1994-o1\" \/>\n<input type=\"hidden\" name=\"_wpcf7_container_post\" value=\"0\" \/>\n<input type=\"hidden\" name=\"_wpcf7_posted_data_hash\" value=\"\" \/>\n<\/div>\n<p><label> Nom i Cognoms<br \/>\n<span class=\"wpcf7-form-control-wrap\" data-name=\"your-name\"><input size=\"40\" maxlength=\"400\" class=\"wpcf7-form-control wpcf7-text wpcf7-validates-as-required\" aria-required=\"true\" aria-invalid=\"false\" value=\"\" type=\"text\" name=\"your-name\" \/><\/span> <\/label>\n<\/p>\n<p><label> Correu Electr\u00f2nic<br \/>\n<span class=\"wpcf7-form-control-wrap\" data-name=\"your-email\"><input size=\"40\" maxlength=\"400\" class=\"wpcf7-form-control wpcf7-email wpcf7-validates-as-required wpcf7-text wpcf7-validates-as-email\" aria-required=\"true\" aria-invalid=\"false\" value=\"\" type=\"email\" name=\"your-email\" \/><\/span> <\/label>\n<\/p>\n<p><label> Tel\u00e8fon<br \/>\n<span class=\"wpcf7-form-control-wrap\" data-name=\"tel\"><input size=\"40\" maxlength=\"400\" class=\"wpcf7-form-control wpcf7-tel wpcf7-validates-as-required wpcf7-text wpcf7-validates-as-tel\" aria-required=\"true\" aria-invalid=\"false\" value=\"\" type=\"tel\" name=\"tel\" \/><\/span> <\/label>\n<\/p>\n<p><label> Com et podem ajudar?<br \/>\n<span class=\"wpcf7-form-control-wrap\" data-name=\"your-message\"><textarea cols=\"40\" rows=\"10\" maxlength=\"2000\" class=\"wpcf7-form-control wpcf7-textarea\" aria-invalid=\"false\" name=\"your-message\"><\/textarea><\/span> <\/label>\n<\/p>\n<p><input class=\"wpcf7-form-control wpcf7-submit has-spinner\" type=\"submit\" value=\"Enviar\" \/>\n<\/p><div class=\"fusion-alert alert custom alert-custom fusion-alert-center fusion-alert-capitalize alert-dismissable wpcf7-response-output\" style=\"background-color:;color:;border-color:;border-width:1px;\"><button style=\"color:;border-color:;\" type=\"button\" class=\"close toggle-alert\" data-dismiss=\"alert\" aria-hidden=\"true\">&times;<\/button><div class=\"fusion-alert-content-wrapper\"><span class=\"fusion-alert-content\"><\/span><\/div><\/div>\n<\/form>\n<\/div>\n<\/div>\n<p class=\"has-black-color has-text-color has-link-color wp-elements-b1b93f538fcbb39d9c7e4917fed55388\">\n<\/div><div class=\"fusion-sep-clear\"><\/div><div class=\"fusion-separator fusion-full-width-sep sep-none\" style=\"margin-left: auto;margin-right: auto;margin-top:15px;margin-bottom:0px;\"><\/div><div class=\"fusion-clearfix\"><\/div>\n\n\t\t\t\t\t<\/div>\n\t\t\t\t<\/div><\/div><\/div><\/p>\n\n\n\n<p><\/p>\n\n\n\n<p><\/p>\n","protected":false},"excerpt":{"rendered":"","protected":false},"author":2,"featured_media":0,"parent":10,"menu_order":0,"comment_status":"closed","ping_status":"closed","template":"","meta":{"footnotes":""},"class_list":["post-2015","page","type-page","status-publish","hentry"],"_links":{"self":[{"href":"https:\/\/sansabogados.com\/es\/wp-json\/wp\/v2\/pages\/2015","targetHints":{"allow":["GET"]}}],"collection":[{"href":"https:\/\/sansabogados.com\/es\/wp-json\/wp\/v2\/pages"}],"about":[{"href":"https:\/\/sansabogados.com\/es\/wp-json\/wp\/v2\/types\/page"}],"author":[{"embeddable":true,"href":"https:\/\/sansabogados.com\/es\/wp-json\/wp\/v2\/users\/2"}],"replies":[{"embeddable":true,"href":"https:\/\/sansabogados.com\/es\/wp-json\/wp\/v2\/comments?post=2015"}],"version-history":[{"count":3,"href":"https:\/\/sansabogados.com\/es\/wp-json\/wp\/v2\/pages\/2015\/revisions"}],"predecessor-version":[{"id":2102,"href":"https:\/\/sansabogados.com\/es\/wp-json\/wp\/v2\/pages\/2015\/revisions\/2102"}],"up":[{"embeddable":true,"href":"https:\/\/sansabogados.com\/es\/wp-json\/wp\/v2\/pages\/10"}],"wp:attachment":[{"href":"https:\/\/sansabogados.com\/es\/wp-json\/wp\/v2\/media?parent=2015"}],"curies":[{"name":"wp","href":"https:\/\/api.w.org\/{rel}","templated":true}]}}