{"id":2011,"date":"2024-10-10T10:19:57","date_gmt":"2024-10-10T08:19:57","guid":{"rendered":"https:\/\/sansabogados.com\/?page_id=2011\/"},"modified":"2024-10-15T00:05:20","modified_gmt":"2024-10-14T22:05:20","slug":"herencias","status":"publish","type":"page","link":"https:\/\/sansabogados.com\/es\/serveis\/herencias\/","title":{"rendered":"Herencias"},"content":{"rendered":"\n<div class=\"fusion-fullwidth fullwidth-box nonhundred-percent-fullwidth non-hundred-percent-height-scrolling\"  style='background-color: rgba(255,255,255,0);background-position: left top;background-repeat: no-repeat;padding-top:50px;padding-right:0px;padding-bottom:20px;padding-left:0px;border-top-width:0px;border-bottom-width:0px;border-color:#eae9e9;border-top-style:solid;border-bottom-style:solid;'><div class=\"fusion-builder-row fusion-row \"><div  class=\"fusion-layout-column fusion_builder_column fusion_builder_column_1_1  fusion-one-full fusion-column-first fusion-column-last fusion-column-no-min-height 1_1\"  style='margin-top:0px;margin-bottom:0px;'>\n\t\t\t\t\t<div class=\"fusion-column-wrapper\" style=\"padding: 0px 0px 0px 0px;background-position:left top;background-repeat:no-repeat;-webkit-background-size:cover;-moz-background-size:cover;-o-background-size:cover;background-size:cover;\"  data-bg-url=\"\">\n\t\t\t\t\t\t<div class=\"fusion-sep-clear\"><\/div><div class=\"fusion-separator fusion-full-width-sep sep-single sep-solid\" style=\"border-color:#7a0040;border-top-width:5px;margin-left: auto;margin-right: auto;margin-top:0px;margin-bottom:0px;\"><\/div><div class=\"fusion-clearfix\"><\/div>\n\n\t\t\t\t\t<\/div>\n\t\t\t\t<\/div><div  class=\"fusion-layout-column fusion_builder_column fusion_builder_column_1_1  fusion-one-full fusion-column-first fusion-column-last fusion-blend-mode green-border rounded-border 1_1\"  style='margin-top:0px;margin-bottom:20px;'>\n\t\t\t\t\t<div class=\"fusion-column-wrapper\" style=\"background-color:#ffffff;border:1px solid #e2e2e2;padding: 60px 60px 50px 60px;background-position:left top;background-repeat:no-repeat;-webkit-background-size:cover;-moz-background-size:cover;-o-background-size:cover;background-size:cover;\"  data-bg-url=\"\">\n\t\t\t\t\t\t<div class=\"fusion-text\"><p><strong>\u00bfEnfrentando una herencia complicada? \u00a1Deja que Sans Abogados te ayude!<\/strong><\/p>\n<p>Gestionar una herencia puede ser un proceso legal y emocionalmente abrumador, especialmente cuando los conflictos familiares y los tr\u00e1mites fiscales complican el panorama. En Sans Abogados, nos encargamos de todo, para que t\u00fa no tengas que preocuparte por los aspectos legales. Nuestro equipo experto en derecho de sucesiones te guiar\u00e1 paso a paso, asegurando que todo se gestione conforme a la ley y con la m\u00e1xima rapidez.<\/p>\n<p><strong>Nuestros Servicios de Herencias<\/strong><\/p>\n<ul class=\"wp-block-list\">\n<li><strong>Revisi\u00f3n de Testamentos<\/strong>: Nos aseguramos de que el testamento sea v\u00e1lido y est\u00e9 en orden legal. Esto es fundamental para evitar futuras disputas entre los herederos.<\/li>\n<li><strong>Partici\u00f3n de Bienes<\/strong>: La distribuci\u00f3n de bienes puede convertirse en un tema delicado. Te ayudamos a llevar a cabo la partici\u00f3n de manera justa y clara, asegurando que los herederos reciban lo que les corresponde.<\/li>\n<li><strong>Aceptaci\u00f3n y Renuncia de Herencias<\/strong>: Si la herencia incluye deudas, te asesoramos sobre c\u00f3mo aceptar la herencia a beneficio de inventario o, si lo prefieres, c\u00f3mo renunciar a ella para proteger tu patrimonio.<\/li>\n<li><strong>Impuestos de Sucesiones<\/strong>: Te ayudamos a calcular y pagar el impuesto de sucesiones de manera eficiente, reduciendo las cargas fiscales y evitando problemas con Hacienda.<\/li>\n<\/ul>\n<p><strong>\u00bfPor Qu\u00e9 Elegir Sans Abogados?<\/strong><\/p>\n<ul class=\"wp-block-list\">\n<li><strong>Asesor\u00eda Integral<\/strong>: Desde el primer contacto, analizamos tu caso en detalle y te ofrecemos una soluci\u00f3n completa. Nos ocupamos de todos los tr\u00e1mites legales, para que t\u00fa puedas centrarte en lo m\u00e1s importante.<\/li>\n<li><strong>Transparencia y Confianza<\/strong>: Te mantenemos informado en cada paso del proceso y te explicamos claramente las opciones disponibles para que tomes decisiones con total confianza.<\/li>\n<li><strong>Soluciones a Medida<\/strong>: Sabemos que cada caso es \u00fanico. Trabajamos de manera personalizada para adaptarnos a tus necesidades y garantizar el mejor resultado.<\/li>\n<\/ul>\n<p><strong>\u00a1Contacta con Nosotros Hoy!<\/strong><\/p>\n<p>Si necesitas ayuda para gestionar una herencia, no lo dudes m\u00e1s. Sans Abogados est\u00e1 aqu\u00ed para ofrecerte la mejor asesor\u00eda legal en derecho de sucesiones. Ll\u00e1manos ahora para una consulta gratuita y empieza a resolver tus problemas legales de manera efectiva. \u00a1No dejes que los tr\u00e1mites te abrumen, estamos a tu disposici\u00f3n!<\/p>\n<div class=\"wp-block-contact-form-7-contact-form-selector\">\n<div class=\"wpcf7 no-js\" id=\"wpcf7-f1994-o1\" lang=\"es-ES\" dir=\"ltr\" data-wpcf7-id=\"1994\">\n<div class=\"screen-reader-response\"><p role=\"status\" aria-live=\"polite\" aria-atomic=\"true\"><\/p> <ul><\/ul><\/div>\n<form action=\"\/es\/wp-json\/wp\/v2\/pages\/2011#wpcf7-f1994-o1\" method=\"post\" class=\"wpcf7-form init\" aria-label=\"Formulario de contacto\" novalidate=\"novalidate\" data-status=\"init\">\n<div style=\"display: none;\">\n<input type=\"hidden\" name=\"_wpcf7\" value=\"1994\" \/>\n<input type=\"hidden\" name=\"_wpcf7_version\" value=\"6.0.6\" \/>\n<input type=\"hidden\" name=\"_wpcf7_locale\" value=\"es_ES\" \/>\n<input type=\"hidden\" name=\"_wpcf7_unit_tag\" value=\"wpcf7-f1994-o1\" \/>\n<input type=\"hidden\" name=\"_wpcf7_container_post\" value=\"0\" \/>\n<input type=\"hidden\" name=\"_wpcf7_posted_data_hash\" value=\"\" \/>\n<\/div>\n<p><label> Nom i Cognoms<br \/>\n<span class=\"wpcf7-form-control-wrap\" data-name=\"your-name\"><input size=\"40\" maxlength=\"400\" class=\"wpcf7-form-control wpcf7-text wpcf7-validates-as-required\" aria-required=\"true\" aria-invalid=\"false\" value=\"\" type=\"text\" name=\"your-name\" \/><\/span> <\/label>\n<\/p>\n<p><label> Correu Electr\u00f2nic<br \/>\n<span class=\"wpcf7-form-control-wrap\" data-name=\"your-email\"><input size=\"40\" maxlength=\"400\" class=\"wpcf7-form-control wpcf7-email wpcf7-validates-as-required wpcf7-text wpcf7-validates-as-email\" aria-required=\"true\" aria-invalid=\"false\" value=\"\" type=\"email\" name=\"your-email\" \/><\/span> <\/label>\n<\/p>\n<p><label> Tel\u00e8fon<br \/>\n<span class=\"wpcf7-form-control-wrap\" data-name=\"tel\"><input size=\"40\" maxlength=\"400\" class=\"wpcf7-form-control wpcf7-tel wpcf7-validates-as-required wpcf7-text wpcf7-validates-as-tel\" aria-required=\"true\" aria-invalid=\"false\" value=\"\" type=\"tel\" name=\"tel\" \/><\/span> <\/label>\n<\/p>\n<p><label> Com et podem ajudar?<br \/>\n<span class=\"wpcf7-form-control-wrap\" data-name=\"your-message\"><textarea cols=\"40\" rows=\"10\" maxlength=\"2000\" class=\"wpcf7-form-control wpcf7-textarea\" aria-invalid=\"false\" name=\"your-message\"><\/textarea><\/span> <\/label>\n<\/p>\n<p><input class=\"wpcf7-form-control wpcf7-submit has-spinner\" type=\"submit\" value=\"Enviar\" \/>\n<\/p><div class=\"fusion-alert alert custom alert-custom fusion-alert-center fusion-alert-capitalize alert-dismissable wpcf7-response-output\" style=\"background-color:;color:;border-color:;border-width:1px;\"><button style=\"color:;border-color:;\" type=\"button\" class=\"close toggle-alert\" data-dismiss=\"alert\" aria-hidden=\"true\">&times;<\/button><div class=\"fusion-alert-content-wrapper\"><span class=\"fusion-alert-content\"><\/span><\/div><\/div>\n<\/form>\n<\/div>\n<\/div>\n<\/div><div class=\"fusion-sep-clear\"><\/div><div class=\"fusion-separator fusion-full-width-sep sep-none\" style=\"margin-left: auto;margin-right: auto;margin-top:15px;margin-bottom:0px;\"><\/div><div class=\"fusion-clearfix\"><\/div>\n\n\t\t\t\t\t<\/div>\n\t\t\t\t<\/div><\/div><\/div>\n","protected":false},"excerpt":{"rendered":"","protected":false},"author":2,"featured_media":0,"parent":10,"menu_order":0,"comment_status":"closed","ping_status":"closed","template":"","meta":{"footnotes":""},"class_list":["post-2011","page","type-page","status-publish","hentry"],"_links":{"self":[{"href":"https:\/\/sansabogados.com\/es\/wp-json\/wp\/v2\/pages\/2011","targetHints":{"allow":["GET"]}}],"collection":[{"href":"https:\/\/sansabogados.com\/es\/wp-json\/wp\/v2\/pages"}],"about":[{"href":"https:\/\/sansabogados.com\/es\/wp-json\/wp\/v2\/types\/page"}],"author":[{"embeddable":true,"href":"https:\/\/sansabogados.com\/es\/wp-json\/wp\/v2\/users\/2"}],"replies":[{"embeddable":true,"href":"https:\/\/sansabogados.com\/es\/wp-json\/wp\/v2\/comments?post=2011"}],"version-history":[{"count":3,"href":"https:\/\/sansabogados.com\/es\/wp-json\/wp\/v2\/pages\/2011\/revisions"}],"predecessor-version":[{"id":2104,"href":"https:\/\/sansabogados.com\/es\/wp-json\/wp\/v2\/pages\/2011\/revisions\/2104"}],"up":[{"embeddable":true,"href":"https:\/\/sansabogados.com\/es\/wp-json\/wp\/v2\/pages\/10"}],"wp:attachment":[{"href":"https:\/\/sansabogados.com\/es\/wp-json\/wp\/v2\/media?parent=2011"}],"curies":[{"name":"wp","href":"https:\/\/api.w.org\/{rel}","templated":true}]}}