{"id":2001,"date":"2024-09-24T18:08:55","date_gmt":"2024-09-24T16:08:55","guid":{"rendered":"https:\/\/sansabogados.com\/segunda-oportunidad\/"},"modified":"2024-09-24T20:30:28","modified_gmt":"2024-09-24T18:30:28","slug":"segunda-oportunidad","status":"publish","type":"page","link":"https:\/\/sansabogados.com\/es\/servicios\/segunda-oportunidad\/","title":{"rendered":"SEGUNDA OPORTUNIDAD"},"content":{"rendered":"\n<div class=\"wp-block-group\"><div class=\"wp-block-group__inner-container is-layout-constrained wp-block-group-is-layout-constrained\">\n<div class=\"fusion-fullwidth fullwidth-box nonhundred-percent-fullwidth non-hundred-percent-height-scrolling\"  style='background-color: rgba(255,255,255,0);background-position: left top;background-repeat: no-repeat;padding-top:50px;padding-right:0px;padding-bottom:20px;padding-left:0px;border-top-width:0px;border-bottom-width:0px;border-color:#eae9e9;border-top-style:solid;border-bottom-style:solid;'><div class=\"fusion-builder-row fusion-row \"><div  class=\"fusion-layout-column fusion_builder_column fusion_builder_column_1_1  fusion-one-full fusion-column-first fusion-column-last fusion-column-no-min-height 1_1\"  style='margin-top:0px;margin-bottom:0px;'>\n\t\t\t\t\t<div class=\"fusion-column-wrapper\" style=\"padding: 0px 0px 0px 0px;background-position:left top;background-repeat:no-repeat;-webkit-background-size:cover;-moz-background-size:cover;-o-background-size:cover;background-size:cover;\"  data-bg-url=\"\">\n\t\t\t\t\t\t<div class=\"fusion-sep-clear\"><\/div><div class=\"fusion-separator fusion-full-width-sep sep-single sep-solid\" style=\"border-color:#7a0040;border-top-width:5px;margin-left: auto;margin-right: auto;margin-top:0px;margin-bottom:0px;\"><\/div><div class=\"fusion-clearfix\"><\/div>\n\n\t\t\t\t\t<\/div>\n\t\t\t\t<\/div><div  class=\"fusion-layout-column fusion_builder_column fusion_builder_column_1_1  fusion-one-full fusion-column-first fusion-column-last fusion-blend-mode green-border rounded-border 1_1\"  style='margin-top:0px;margin-bottom:20px;'>\n\t\t\t\t\t<div class=\"fusion-column-wrapper\" style=\"background-color:#ffffff;border:1px solid #e2e2e2;padding: 60px 60px 50px 60px;background-position:left top;background-repeat:no-repeat;-webkit-background-size:cover;-moz-background-size:cover;-o-background-size:cover;background-size:cover;\"  data-bg-url=\"\">\n\t\t\t\t\t\t<div class=\"fusion-text\"><h2>Ley de Segunda Oportunidad<\/h2>\n<h3>Qu\u00e9 es la Ley de Segunda Oportunidad?<\/h3>\n<p>La <strong>Ley de Segunda Oportunidad<\/strong> es una herramienta legal que permite a particulares y aut\u00f3nomos superar situaciones econ\u00f3micas dif\u00edciles, eliminando parte o la totalidad de sus deudas. Si te encuentras en una situaci\u00f3n financiera insostenible, esta ley te ofrece la posibilidad de empezar de nuevo sin la carga de deudas impagables.<\/p>\n<p>En <strong>Sans Abogados<\/strong>, te ayudamos a comprender como esta ley puede ser la soluci\u00f3n para tu caso espec\u00edfico. Nuestro equipo de expertos en derecho concursal est\u00e1 preparado para guiarte en cada paso del proceso, ofreci\u00e9ndote un asesoramiento personalizado y adaptado a tus necesidades. Recupera tu tranquilidad financiera con nuestra ayuda!<\/p>\n<p><strong>C\u00f3mo puede ayudarte Sans Abogados?<\/strong><\/p>\n<p>En <strong>Sans Abogados<\/strong>, contamos con una s\u00f3lida trayectoria ayudando particulares, aut\u00f3nomos y empresas a acogerse a la <strong>Ley de Segunda Oportunidad<\/strong>.<\/p>\n<p>Nuestro proceso se enfoca en:<\/p>\n<ul>\n<li><strong>Evaluaci\u00f3n inicial gratuita:<\/strong> Analizamos tu situaci\u00f3n financiera para determinar si cumples con los requisitos de la ley y qu\u00e9 ser\u00eda el mejor plan de acci\u00f3n para t\u00fa.<\/li>\n<li><strong>Negociaci\u00f3n con acreedores:<\/strong> Nos encargamos de las negociaciones para reducir o eliminar tus deudas, protegiendo tus derechos y buscando la mejor soluci\u00f3n para t\u00fa.<\/li>\n<li><strong>Representaci\u00f3n legal completa:<\/strong> Te representamos ante los tribunales y durante todo el proceso legal para garantizar que consigas el mayor beneficio posible bajo esta ley.<\/li>\n<\/ul>\n<p>Con nosotros, estar\u00e1s en manos de profesionales comprometidos con tu bienestar econ\u00f3mico.<\/p>\n<p><strong>Consulta en l\u00ednea y descubre si eres elegible.<\/strong><\/p>\n<p><strong>Te preguntas si puedes acogerte a la Ley de Segunda Oportunidad?<\/strong>En <strong>Sans Abogados<\/strong> te ofrecemos una <strong>consulta en l\u00ednea gratuita<\/strong> donde analizamos tu caso y te explicamos los pasos a seguir. Rellena nuestro formulario y en menos de 24 horas recibir\u00e1s una evaluaci\u00f3n personalizada.<\/p>\n<p>No dejes que las deudas controlen tu vida. Aprovecha esta oportunidad para empezar de nuevo con el apoyo de un equipo experto en derecho concursal. <strong>Sans Abogados<\/strong> es aqu\u00ed para ayudarte a recuperar el control de tu futuro financiero.<\/p>\n<p><strong>Cont\u00e1ctanos sin compromiso<\/strong><\/p>\n<\/p>\n<div class=\"wp-block-group\">\n<div class=\"wp-block-group__inner-container is-layout-constrained wp-block-group-is-layout-constrained\">\n<div class=\"wp-block-contact-form-7-contact-form-selector\">\n<div class=\"wpcf7 no-js\" id=\"wpcf7-f1992-o1\" lang=\"es-ES\" dir=\"ltr\" data-wpcf7-id=\"1992\">\n<div class=\"screen-reader-response\"><p role=\"status\" aria-live=\"polite\" aria-atomic=\"true\"><\/p> <ul><\/ul><\/div>\n<form action=\"\/es\/wp-json\/wp\/v2\/pages\/2001#wpcf7-f1992-o1\" method=\"post\" class=\"wpcf7-form init\" aria-label=\"Formulario de contacto\" novalidate=\"novalidate\" data-status=\"init\">\n<div style=\"display: none;\">\n<input type=\"hidden\" name=\"_wpcf7\" value=\"1992\" \/>\n<input type=\"hidden\" name=\"_wpcf7_version\" value=\"6.0.6\" \/>\n<input type=\"hidden\" name=\"_wpcf7_locale\" value=\"es_ES\" \/>\n<input type=\"hidden\" name=\"_wpcf7_unit_tag\" value=\"wpcf7-f1992-o1\" \/>\n<input type=\"hidden\" name=\"_wpcf7_container_post\" value=\"0\" \/>\n<input type=\"hidden\" name=\"_wpcf7_posted_data_hash\" value=\"\" \/>\n<\/div>\n<p><label> Nombre y Apellidos<br \/>\n<span class=\"wpcf7-form-control-wrap\" data-name=\"your-name\"><input size=\"40\" maxlength=\"400\" class=\"wpcf7-form-control wpcf7-text wpcf7-validates-as-required\" aria-required=\"true\" aria-invalid=\"false\" value=\"\" type=\"text\" name=\"your-name\" \/><\/span> <\/label>\n<\/p>\n<p><label> Correo Electr\u00f3nico<br \/>\n<span class=\"wpcf7-form-control-wrap\" data-name=\"your-email\"><input size=\"40\" maxlength=\"400\" class=\"wpcf7-form-control wpcf7-email wpcf7-validates-as-required wpcf7-text wpcf7-validates-as-email\" aria-required=\"true\" aria-invalid=\"false\" value=\"\" type=\"email\" name=\"your-email\" \/><\/span> <\/label>\n<\/p>\n<p><label> Tel\u00e9fono<br \/>\n<span class=\"wpcf7-form-control-wrap\" data-name=\"tel\"><input size=\"40\" maxlength=\"400\" class=\"wpcf7-form-control wpcf7-tel wpcf7-validates-as-required wpcf7-text wpcf7-validates-as-tel\" aria-required=\"true\" aria-invalid=\"false\" value=\"\" type=\"tel\" name=\"tel\" \/><\/span> <\/label>\n<\/p>\n<p><label> \u00bfC\u00f3mo podemos ayudarte?<br \/>\n<span class=\"wpcf7-form-control-wrap\" data-name=\"your-message\"><textarea cols=\"40\" rows=\"10\" maxlength=\"2000\" class=\"wpcf7-form-control wpcf7-textarea\" aria-invalid=\"false\" name=\"your-message\"><\/textarea><\/span> <\/label>\n<\/p>\n<p><input class=\"wpcf7-form-control wpcf7-submit has-spinner\" type=\"submit\" value=\"Enviar\" \/>\n<\/p><div class=\"fusion-alert alert custom alert-custom fusion-alert-center fusion-alert-capitalize alert-dismissable wpcf7-response-output\" style=\"background-color:;color:;border-color:;border-width:1px;\"><button style=\"color:;border-color:;\" type=\"button\" class=\"close toggle-alert\" data-dismiss=\"alert\" aria-hidden=\"true\">&times;<\/button><div class=\"fusion-alert-content-wrapper\"><span class=\"fusion-alert-content\"><\/span><\/div><\/div>\n<\/form>\n<\/div>\n<\/div>\n<\/div>\n<\/div>\n<\/div>\n<\/div>\n<div class=\"wp-block-group\">\n<div class=\"wp-block-group__inner-container is-layout-constrained wp-block-group-is-layout-constrained\">\n<\/div><div class=\"fusion-sep-clear\"><\/div><div class=\"fusion-separator fusion-full-width-sep sep-none\" style=\"margin-left: auto;margin-right: auto;margin-top:15px;margin-bottom:0px;\"><\/div><div class=\"fusion-clearfix\"><\/div>\n\n\t\t\t\t\t<\/div>\n\t\t\t\t<\/div><\/div><\/div>\n<\/div><\/div>\n","protected":false},"excerpt":{"rendered":"","protected":false},"author":2,"featured_media":0,"parent":1262,"menu_order":0,"comment_status":"open","ping_status":"closed","template":"100-width.php","meta":{"footnotes":""},"class_list":["post-2001","page","type-page","status-publish","hentry"],"_links":{"self":[{"href":"https:\/\/sansabogados.com\/es\/wp-json\/wp\/v2\/pages\/2001","targetHints":{"allow":["GET"]}}],"collection":[{"href":"https:\/\/sansabogados.com\/es\/wp-json\/wp\/v2\/pages"}],"about":[{"href":"https:\/\/sansabogados.com\/es\/wp-json\/wp\/v2\/types\/page"}],"author":[{"embeddable":true,"href":"https:\/\/sansabogados.com\/es\/wp-json\/wp\/v2\/users\/2"}],"replies":[{"embeddable":true,"href":"https:\/\/sansabogados.com\/es\/wp-json\/wp\/v2\/comments?post=2001"}],"version-history":[{"count":2,"href":"https:\/\/sansabogados.com\/es\/wp-json\/wp\/v2\/pages\/2001\/revisions"}],"predecessor-version":[{"id":2005,"href":"https:\/\/sansabogados.com\/es\/wp-json\/wp\/v2\/pages\/2001\/revisions\/2005"}],"up":[{"embeddable":true,"href":"https:\/\/sansabogados.com\/es\/wp-json\/wp\/v2\/pages\/1262"}],"wp:attachment":[{"href":"https:\/\/sansabogados.com\/es\/wp-json\/wp\/v2\/media?parent=2001"}],"curies":[{"name":"wp","href":"https:\/\/api.w.org\/{rel}","templated":true}]}}