{"id":1590,"date":"2021-06-29T15:51:37","date_gmt":"2021-06-29T13:51:37","guid":{"rendered":"https:\/\/sansabogados.com\/?page_id=1590\/"},"modified":"2021-07-25T23:51:16","modified_gmt":"2021-07-25T21:51:16","slug":"compliance-sector-vinicola","status":"publish","type":"page","link":"https:\/\/sansabogados.com\/es\/compliance-sector-vinicola\/","title":{"rendered":"Compliance Sector Vin\u00edcola"},"content":{"rendered":"<p><span style=\"width: 100%;\"><img loading=\"lazy\" decoding=\"async\" alt=\"\" width=\"259\" height=\"28\" title=\"cropped-Sans-Abogados_br-1.png\" data-id=\"1789\" src=\"https:\/\/sansabogados.com\/wp-content\/uploads\/2015\/02\/cropped-Sans-Abogados_br-1.png\" style=\"width: 100%;\"><\/span><\/p>\n<h1 style=\"text-align: center;\"><strong>COMPLIANCE Y VINOS: EL MARIDAJE PEFECTO<\/strong><\/h1>\n<h1 style=\"text-align: center;\"><strong>\u00bfEl Compliance se ha convertido &nbsp;<\/strong><strong>en el cuello de botella de tu bodega?<\/strong><\/h1>\n<h2 style=\"text-align: center;\"><strong>No es para menos, el Compliance puede causar muchos problemas a tu bodega:<\/strong><\/h2>\n<p style=\"text-align: center;\"><span style=\"font-size: 16px;\">Multas Y SANCIONES<\/span><span style=\"font-size: 21px;\"><\/span><span style=\"font-size: 15px;\"><span><\/span><\/span><\/p>\n<p style=\"text-align: center;\">Suspensi\u00f3n de la actividad temporal o definitiva<\/p>\n<p style=\"text-align: center;\">Intervenci\u00f3n judicial<\/p>\n<p style=\"text-align: center;\">IMPOSIBILIDAD DE OBTENER SUBVENCIONES<\/p>\n<p style=\"text-align: center;\">DA\u00d1OS EN LA reputaci\u00f3n &nbsp;DE MARCA<\/p>\n<p style=\"text-align: center;\">Imposibilidad de expansi\u00f3n&nbsp; por no reflejar confianza y seguridad<\/p>\n<p style=\"text-align: left;\">Detr\u00e1s, de un gran vino, siempre hay, <em><strong>mujeres y hombres con pasi\u00f3n y amor por la tierra, tradici\u00f3n, esp\u00edritu de lucha y mente innovadora.<\/strong><\/em><\/p>\n<p style=\"text-align: center;\"><strong>\u00bfVas a dejar que el incumplimiento de una normativa avinagre el tes\u00f3n de generaciones?<\/strong><\/p>\n<p style=\"text-align: center;\"><strong>En Sans Abogados tenemos la soluci\u00f3n a tu medida<\/strong><\/p>\n<p>Invierte en un <strong>Compliance Mercantil<\/strong> que impida que desemboques en un <strong>Compliance Penal.<\/strong><\/p>\n<p style=\"text-align: center;\">Queremos ayudarte a tomar el control, reducir los riesgos jur\u00eddicos y evitar que la bodega sea responsable de los incidentes que pueda padecer.<\/p>\n<h2 style=\"text-align: center;\">EL COMPLIANCE ES EL MARIDAJE PERFECTO PORQUE\u2026<\/h2>\n<p style=\"text-align: center;\">Obtienes el control sobre todas las \u00e1reas de la empresa, &nbsp;&nbsp; <strong>POR ESCRITO!<\/strong><\/p>\n<p style=\"text-align: center;\">Cumple con todas las normas legales: las del vino y las de la empresa.<\/p>\n<h2 style=\"text-align: center;\">BENEFICIOS DEL COMPLIANCE:<\/h2>\n<ul>\n<li><span><strong><span>Aumento de las v<\/span><\/strong><strong><span>entas<\/span><\/strong><span><strong><\/strong><\/span><span><\/span><strong><span><\/span><\/strong><\/span><\/li>\n<li><span><strong><span>Acceso al mercado internacional<\/span><\/strong>&nbsp;<\/span><\/li>\n<li><span><strong><span>Diferenciaci\u00f3n con la competencia<\/span><\/strong><\/span><\/li>\n<li>check<span><strong><span>Confianza del consumidor<\/span><\/strong>&nbsp;<\/span><\/li>\n<li>check<span><strong><span>Mejora de la reputaci\u00f3n de la marca aumentando el valor de la bodega<\/span><\/strong><\/span><\/li>\n<\/ul>\n<ul>\n<li>check<span><strong><span>Conoces las normas que debes cumplir<\/span><\/strong><\/span><\/li>\n<li>check<span><strong><span>Mejora en la organizaci\u00f3n y control interno<\/span><\/strong>&nbsp;<\/span><\/li>\n<li><span><strong>Reducci\u00f3n en las sanciones&nbsp;<\/strong><\/span><\/li>\n<li><span><strong>Prevenci\u00f3n de los riesgos jur\u00eddicos<\/strong><\/span><\/li>\n<li><span><strong>Seguridad jur\u00eddica<\/strong><strong><\/strong><\/span><\/li>\n<\/ul>\n<h2 style=\"text-align: center;\"><span style=\"color: rgb(245, 245, 245);\">\u00bfPor qu\u00e9 elegir Sans Abogados?<\/span><\/h2>\n<p><span style=\"width: 100%;\"><img loading=\"lazy\" decoding=\"async\" alt=\"Celso Consultor Compliance Sector Vin\u00edcola\" width=\"375\" height=\"375\" title=\"celso sans\" data-id=\"1382\" src=\"https:\/\/sansabogados.com\/wp-content\/uploads\/2018\/10\/celso.jpg\" style=\"width: 100%;\"><\/span><\/p>\n<p style=\"text-align: center;\">Celso Sans<\/p>\n<h2 style=\"text-align: center;\">Consultor Jur\u00eddico<\/h2>\n<p style=\"text-align: left;\">&nbsp; \u00abLa \u00c9tica y la Consciencia son Elementos ESENCIALES en la Vida y en los Negocios\u00bb&nbsp;<\/p>\n<p style=\"text-align: left;\">&nbsp;Me declaro un apasionado del vino.&nbsp;Comparto contigo, la pasi\u00f3n, el tes\u00f3n y la capacidad innovadora.<\/p>\n<p style=\"text-align: left;\">Si Fuera un vino, seria, un reserva , agradable, intenso y equilibrado al paladar.&nbsp;&nbsp;<\/p>\n<p style=\"text-align: left;\">Como Consultor Jur\u00eddico experto en Compliance, quiero ayudar a las nuevas generaciones a cumplir con la normativa, ayud\u00e1ndoles a comprender el proceso y lo que se espera en cada etapa.<\/p>\n<p style=\"text-align: left;\">Te acompa\u00f1o y elaboro, todos los documentos necesarios, para que tu bodega obtenga el reconocimiento que se merece.<\/p>\n<p style=\"text-align: center;\">Las&nbsp; <em>normativas <\/em><em>de las empresas<\/em> est\u00e1n en constante cambio\u2026<\/p>\n<p style=\"text-align: center;\">Una persona que se ha criado entre vi\u00f1as y barricas, a la que le habla la tierra, no deber\u00eda de ocuparse de esto.<\/p>\n<p style=\"text-align: center;\">&nbsp;No es tu trabajo, para eso estoy yo: conozco perfectamente el Compliance, y lo que necesitas para actualizarte en este \u00e1mbito.<\/p>\n<p style=\"text-align: center;\">No debes dejar de investigar y elaborar nuevos vinos por ello.<\/p>\n<p style=\"text-align: center;\"><strong>\u00a1Que nada impida que tus vinos lleguen a los paladares m\u00e1s exquisitos y traspasen fronteras!<\/strong><\/p>\n<p>__CONFIG_group_edit __ {\u00abjucpmd8w\u00bb: {\u00abname\u00bb: \u00abT\u00edtulo del paso\u00bb, \u00absingular\u00bb: \u00ab- Texto% s\u00bb}, \u00abjucpn90y\u00bb: {\u00abname\u00bb: \u00abP\u00e1rrafo\u00bb, \u00absingular\u00bb: \u00ab- Texto % s \u00ab},\u00bb jucpr4q3 \u00ab: {\u00bb nombre \u00ab:\u00bb L\u00ednea vertical \u00ab,\u00bb singular \u00ab:\u00bb &#8211; Cuadro de contenido% s \u00ab},\u00bb jujqi1es \u00ab: {\u00bb nombre \u00ab:\u00bb N\u00famero de paso \u00ab,\u00bb singular \u00bb : \u00ab- Texto% s\u00bb}, \u00abjujqifks\u00bb: {\u00abnombre\u00bb: \u00abCuadro de n\u00famero de paso\u00bb, \u00absingular\u00bb: \u00ab- Cuadro de contenido% s\u00bb}, \u00abjujqj0le\u00bb: {\u00abnombre\u00bb: \u00abPaso \u00ab,\u00bb singular \u00ab:\u00bb &#8211; Cuadro de contenido% s \u00ab}} __ CONFIG_group_edit____CONFIG_local_colors __ {\u00abcolors\u00bb: {\u00abedf0e\u00bb: \u00abL\u00ednea vertical\u00bb, \u00ab58787\u00bb: \u00abColor de acento\u00bb}, \u00abdegradados\u00bb: {}} __ CONFIG_local_colors__<\/p>\n<h2 style=\"text-align: center;\">C\u00f3mo funciona el M\u00e9todo Compliance<\/h2>\n<p><strong>1<\/strong><\/p>\n<h3 style=\"text-align: center;\"><strong><\/strong>Agendamos cita para la Primera Visita a tus instalaciones.<\/h3>\n<p><strong>2<\/strong><\/p>\n<h3 style=\"text-align: center;\">Visitamos las instalaciones&nbsp;<\/h3>\n<h3>&nbsp;las examinamos&nbsp; y se nos informa del proceso de cada fase que realiza la empresa.&nbsp;Duraci\u00f3n: de 2 a 3h<\/h3>\n<p><strong>3<\/strong><\/p>\n<h3 style=\"text-align: center;\">Elaboramos el informe Inicial del Mapa de Riesgos<\/h3>\n<p style=\"text-align: center;\">Identificamos, analizamos y eval\u00faamos los riesgos legales penales (reputacionales, tecnol\u00f3gicos, operativos, financieros, comerciales, ambientales, clim\u00e1ticos y f\u00edsicos).&nbsp;\u00bfCumples con el etiquetado y la normativa ISO? \u00bfCumples con la normativa Fiscal y de protecci\u00f3n de datos?<\/p>\n<p><strong>4<\/strong><\/p>\n<h3 style=\"text-align: center;\">Agendamos cita para la segunda visita a tus oficinas.<\/h3>\n<p><strong>5<\/strong><\/p>\n<h3 style=\"text-align: center;\">Nos reunimos en tus oficinas<\/h3>\n<p style=\"text-align: center;\">Te entregamos un informe completo y detallado, lo comentamos y realizamos unas recomendaciones sobre c\u00f3mo implementar el compliance.&nbsp;Visita de 1h.<\/p>\n<p><strong>6<\/strong><\/p>\n<h3 style=\"text-align: center;\">Presentamos el dise\u00f1o <\/h3>\n<h3 style=\"text-align: center;\">de tu Modelo de compliance en 6 fases con un cronograma para su realizaci\u00f3n.<\/h3>\n<\/p>\n<p><strong>7<\/strong><\/p>\n<h3 style=\"text-align: center;\">Implementaci\u00f3n<\/h3>\n<p style=\"text-align: center;\">De tu Modelo de Compliance de &nbsp;6 Fases.<\/p>\n<h2 style=\"text-align: center;\">C\u00f3mo es trabajar con Sans Abogados<\/h2>\n<p>Aparte de un incre\u00edble y profundo conocimiento del derecho y sus procedimientos es una persona cercana y habla de manera concisa, sin tecnicismos complicados.<\/p>\n<p>Al margen de abogado lo considerado un amigo.<\/p>\n<p><strong>Xavier Adu\u00e0<\/strong><\/p>\n<p>Team Manager Co-owner at F.Alegre,S.L.&nbsp;<\/p>\n<p>Luxury rent a car with driver<\/p>\n<p>Celso gestiona con atenci\u00f3n, al detalle y resuelve con eficacia los casos que se le presentan sin perder de vista en ning\u00fan momento el objetivo estrat\u00e9gico. Recomiendo sus servicios sinceramente, por lo beneficioso que ha sido para m\u00ed y mi empresa contratar sus servicios y por considerar que se trata de una persona digna de confianza, consistente y confiable.&nbsp;<\/p>\n<p><strong>Maite Rico<\/strong><\/p>\n<p>Experta en Moda &#8211; Luxury<\/p>\n<p>Conoc\u00ed a Celso siendo un cliente de la empresa que entonces dirig\u00eda.<\/p>\n<p>Siempre me pareci\u00f3 una persona amable y agradable, pero, adem\u00e1s, respetuosa y exigente, tanto con mi trabajo como proveedor de servicios, como en el suyo propio.<\/p>\n<p>Su visi\u00f3n emprendedora y flexibilidad para adaptarse a todo tipo de situaciones, son un ejemplo a seguir.<\/p>\n<p>Es un excelente abogado que no comparte muchos de los t\u00f3picos del gremio, todo lo contrario: es emprendedor, visionario, pr\u00e1ctico, comunicativo, y se adapta r\u00e1pidamente a los cambios sociales.<\/p>\n<p><strong><\/strong><strong>Eva Bruch<\/strong><\/p>\n<p>PhD. Digital Transformation &amp; Innovation consultant. ESADE. Global LegalTech Hub \u2795 Digital Legal Exchange Faculty Advisor<\/p>\n<h2 style=\"text-align: center;\"><span>Resolvemos<\/span> tus dudas sobre Compliance<\/h2>\n<p><span><\/span><\/p>\n<h4 data-tcb_hover_state_parent=\"\"><strong>\u00bfQu\u00e9 es el Compliance y para que sirve?<\/strong><\/h4>\n<p>El Compliance consiste en un programa documental informatizado desde d\u00f3nde se controla a todas las \u00e1reas de la empresa y tiene como objetivo garantizar que las empresas cumplen con todas las leyes, especialmente para la prevenci\u00f3n de delitos.&nbsp;Un Compliance efectivo, genera confianza, por el conjunto de valores y compromisos que transmite, a trav\u00e9s, del cumplimiento de sus obligaciones tanto internas como externas.<\/p>\n<p><span><\/span><\/p>\n<h4 data-tcb_hover_state_parent=\"\"><strong>\u00bfA quien afecta?<\/strong><\/h4>\n<p>Pueden ser responsables penalmente todas las personas jur\u00eddicas, (sociedades) con independencia de su tama\u00f1o y actividad.<\/p>\n<p><span><\/span><\/p>\n<h4 data-tcb_hover_state_parent=\"\"><strong>\u00bfSe Debe impartir Formaci\u00f3n en Compliance a todos los Trabajadores?<\/strong><\/h4>\n<p>Si, La formaci\u00f3n de los empleados puede ayudar tanto a la identificaci\u00f3n y prevenci\u00f3n de delitos que conllevan responsabilidad penal para la empresa, como a demostrar que la empresa ha tomado medidas para mitigar el riesgo de la comisi\u00f3n de estos delitos.<\/p>\n<p style=\"text-align: center;\">Somos el decantador que libera a tu bodega de los posos legales que te atormentan.<\/p>\n<h3><span style=\"font-weight: normal;\"><\/span><span><strong>Garant\u00eda Devoluci\u00f3n del dinero de 14 d\u00edas<\/strong><\/span><\/h3>\n<p>Estamos tan seguros de que este m\u00e9todo te va a ayudar a conseguir cumplir con todas las normativas legales, que queremos ofrecerte nuestra garant\u00eda de devoluci\u00f3n del importe \u00edntegro del Mapa de Riesgos durante 14 d\u00edas a partir del pago.<\/p>\n<p style=\"text-align: left;\">En Sans abogados nos hemos especializado en <strong>Compliance&nbsp;<\/strong>y&nbsp;<strong>hemos desarrollado un m\u00e9todo efectivo para el sector del vino.<\/strong><\/p>\n<p style=\"text-align: left;\">Te asesoramos y ayudamos en todos los pasos, para que t\u00fa no tengas que preocuparte por nada.<\/p>\n<p style=\"text-align: left;\">Queremos conocerte, <\/p>\n<p style=\"text-align: left;\">Rellena el formulario o env\u00eda un correo a <a href=\"mailto:info@sansabogados.com\" rel=\"nofollow\" target=\"_blank\"><strong>info@sansabogados.com<\/strong><\/a><\/p>\n<p style=\"text-align: left;\">&nbsp;En 24h te llamaremos para resolver todas tus dudas y reservar cita.<\/p>\n<p>Nombre empresa:Nombre del Gerente\/CEO empresa:Antig\u00fcedad de la empresa y n\u00famero de trabajadores:N\u00famero de instalaciones: Correo electr\u00f3nico:Tel\u00e9fono:Mensaje:Enviar Mensaje<\/p>\n<p>La comunicaci\u00f3n enviada quedar\u00e1 incorporada a un fichero del que es responsable Sans Abogados &nbsp;Esta comunicaci\u00f3n se utilizar\u00e1 exclusivamente para tratar sus datos para atender su solicitud, siempre de acuerdo al Reglamento (UE) 2016\/679 (RGPD), la Ley Org\u00e1nica 15\/1999 (LOPD) y el Real Decreto 1720\/2007 de desarrollo de la LOPD), sobre protecci\u00f3n de datos. Sus datos no se comunicar\u00e1n a terceros, excepto por obligaci\u00f3n legal, y se mantendr\u00e1n mientras no solicite su cancelaci\u00f3n. En cualquier momento usted puede ejercer los derechos de acceso, rectificaci\u00f3n, portabilidad y oposici\u00f3n, o si procede, a la limitaci\u00f3n y\/o cancelaci\u00f3n del tratamiento, comunic\u00e1ndolo mediante un email a <span style=\"color: rgb(245, 245, 245);\"><strong><a href=\"mailto:info@sansabogados.com\" rel=\"nofollow\" target=\"_blank\">info@sansabogados.com.<\/a>&nbsp;<\/strong>Al enviar este mensaje<strong> <\/strong><strong>Acepta <\/strong>nuestra<strong>&nbsp;&nbsp;<a href=\"https:\/\/sansabogados.com\/es\/politica-de-privacidad-y-proteccion-de-datos\/\" rel=\"nofollow\" target=\"_blank\">Pol\u00edtica de Privacidad<\/a><\/strong><\/span><\/p>\n<p style=\"text-align: center;\">Sans Abogados&nbsp;|&nbsp;M. 607 221 820 | info@sansabogados.com <span style=\"color: rgb(35, 40, 45);\"><a href=\"https:\/\/sansabogados.com\/es\/aviso-legal\/\" target=\"_blank\">Aviso Legal<\/a> | <a href=\"https:\/\/sansabogados.com\/es\/politica-cookies\/\" target=\"_blank\">Pol\u00edtica de Cookies<\/a> | <a href=\"https:\/\/sansabogados.com\/es\/politica-de-privacidad-y-proteccion-de-datos\/\" target=\"_blank\">Pol\u00edtica de privacidad<\/a> | \u00a9 Copyright 2021<\/span><\/p>\n<p><span style=\"width: 100%;\"><img loading=\"lazy\" decoding=\"async\" alt=\"\" width=\"259\" height=\"28\" title=\"cropped-Sans-Abogados_br-1.png\" data-id=\"1789\" src=\"https:\/\/sansabogados.com\/wp-content\/uploads\/2015\/02\/cropped-Sans-Abogados_br-1.png\" style=\"width: 100%;\"><\/span><\/p>\n","protected":false},"excerpt":{"rendered":"<p>COMPLIANCE Y VINOS: EL MARIDAJE PEFECTO \u00bfEl Compliance se ha convertido &nbsp;en el cuello de botella de tu bodega? No es para menos, el Compliance puede causar muchos problemas a tu bodega: Multas Y SANCIONES Suspensi\u00f3n de la actividad temporal o definitiva Intervenci\u00f3n judicial IMPOSIBILIDAD DE OBTENER SUBVENCIONES DA\u00d1OS EN LA reputaci\u00f3n &nbsp;DE MARCA Imposibilidad [&hellip;]<\/p>\n","protected":false},"author":2,"featured_media":0,"parent":0,"menu_order":0,"comment_status":"closed","ping_status":"closed","template":"","meta":{"footnotes":""},"class_list":["post-1590","page","type-page","status-publish","hentry"],"_links":{"self":[{"href":"https:\/\/sansabogados.com\/es\/wp-json\/wp\/v2\/pages\/1590","targetHints":{"allow":["GET"]}}],"collection":[{"href":"https:\/\/sansabogados.com\/es\/wp-json\/wp\/v2\/pages"}],"about":[{"href":"https:\/\/sansabogados.com\/es\/wp-json\/wp\/v2\/types\/page"}],"author":[{"embeddable":true,"href":"https:\/\/sansabogados.com\/es\/wp-json\/wp\/v2\/users\/2"}],"replies":[{"embeddable":true,"href":"https:\/\/sansabogados.com\/es\/wp-json\/wp\/v2\/comments?post=1590"}],"version-history":[{"count":135,"href":"https:\/\/sansabogados.com\/es\/wp-json\/wp\/v2\/pages\/1590\/revisions"}],"predecessor-version":[{"id":1909,"href":"https:\/\/sansabogados.com\/es\/wp-json\/wp\/v2\/pages\/1590\/revisions\/1909"}],"wp:attachment":[{"href":"https:\/\/sansabogados.com\/es\/wp-json\/wp\/v2\/media?parent=1590"}],"curies":[{"name":"wp","href":"https:\/\/api.w.org\/{rel}","templated":true}]}}