{"id":1449,"date":"2019-01-25T13:32:38","date_gmt":"2019-01-25T12:32:38","guid":{"rendered":"https:\/\/sansabogados.com\/?page_id=1449\/"},"modified":"2021-07-05T17:49:02","modified_gmt":"2021-07-05T15:49:02","slug":"relevo-generacional-2","status":"publish","type":"page","link":"https:\/\/sansabogados.com\/es\/relevo-generacional-2\/","title":{"rendered":"Relevo Generacional 2"},"content":{"rendered":"<p>[tcb-script](function(i,s,o,g,r,a,m){i[&#8216;GoogleAnalyticsObject&#8217;]=r;i[r]=i[r]||function(){(i[r].q=i[r].q||[]).push(arguments)},i[r].l=1*new Date();a=s.createElement(o),m=s.getElementsByTagName(o)[0];a.async=1;a.src=g;m.parentNode.insertBefore(a,m)})(window,document,&#8217;script&#8217;,&#8217;https:\/\/www.google-analytics.com\/analytics.js&#8217;,&#8217;ga&#8217;);ga(&#8216;create&#8217;, &#8216;UA-2049548-68&#8217;, &#8216;auto&#8217;);ga(&#8216;send&#8217;, &#8216;pageview&#8217;);[\/tcb-script]<span style=\"width: 100%;\"><img loading=\"lazy\" decoding=\"async\" alt=\"\" width=\"259\" height=\"28\" title=\"Sans-Abogados_br-1\" data-id=\"1779\" src=\"https:\/\/sansabogados.com\/wp-content\/uploads\/2015\/02\/Sans-Abogados_br-1.png\" style=\"width: 100%;\"><\/span><\/p>\n<h1 style=\"text-align: center;\"><strong>PROTEJA SU PATRIMONIO FAMILIAR<\/strong><\/h1>\n<p style=\"text-align: center;\"><span style=\"color: rgb(35, 40, 45);\">Ayudamos a empresarios individuales en la protecci\u00f3n de su patrimonio personal y familiar, prepar\u00e1ndolo para un correcto relevo generacional. Cuidamos los intereses de su familia y el futuro de su actividad.<\/span><\/p>\n<h2 style=\"text-align: center;\"><strong>\u00bfSab\u00eda que su patrimonio personal puede verse afectado por su actividad?<\/strong><\/h2>\n<p align=\"center\" style=\"text-align: center;\">Obtenga un informe r\u00e1pido sobre posibles afectaciones.<\/p>\n<ul>\n<li><span><strong><span>Informe expr\u00e9s<\/span><\/strong><strong>\u200b<\/strong><\/span><\/li>\n<\/ul>\n<p align=\"center\" style=\"text-align: justify;\">Recibir\u00e1 un informe <strong>a medida <\/strong>sobre el <strong>estado jur\u00eddico<\/strong> actual de su actividad profesional y posible impacto sobre su patrimonio personal.<\/p>\n<p align=\"center\" style=\"text-align: center;\">Obtenga un informe detallado m\u00e1s un plan de acci\u00f3n, para limitar la responsabilidad.<\/p>\n<ul>\n<li><span><strong><span>Informe de la Actividad<\/span><\/strong><\/span><\/li>\n<\/ul>\n<p align=\"center\" style=\"text-align: justify;\">Recibir\u00e1 un informe <strong>a medida <\/strong>sobre el <strong>estado jur\u00eddico, laboral, contable, fiscal y civil<\/strong> actual de su actividad profesional y posible impacto sobre su patrimonio personal, junto a un <strong>plan de acci\u00f3n<\/strong> para evitar un riesgo sobre este \u00faltimo.<\/p>\n<p align=\"center\" style=\"text-align: center;\">Proteja su patrimonio personal mediante una sociedad<\/p>\n<ul>\n<li><span><strong><span>Constituci\u00f3n de la sociedad<\/span><\/strong><\/span><\/li>\n<\/ul>\n<p align=\"center\" style=\"text-align: justify;\">Recibir\u00e1 el detalle del procedimiento que deber\u00e1 realizar, junto a los documentos y recomendaciones necesarias para constituir una Sociedad Limitada (S.L.) y el contacto del notario de su zona.<\/p>\n<h1 style=\"text-align: center;\"><strong>Informes y planes de acci\u00f3n a medida de cada cliente<\/strong><\/h1>\n<h1 style=\"text-align: center;\"><strong>\u00bfQui\u00e9n soy?<\/strong><\/h1>\n<p><span style=\"width: 100%;\"><img loading=\"lazy\" decoding=\"async\" alt=\"\" width=\"300\" height=\"300\" title=\"celso\" data-id=\"1382\" src=\"\/\/sansabogados.com\/wp-content\/uploads\/2018\/10\/celso-300x300.jpg\" style=\"width: 100%;\"><\/span><\/p>\n<p style=\"text-align: center;\">Soy Celso Sans, consultor jur\u00eddico especializado en Reestructuraci\u00f3n Patrimonial. Desde hace m\u00e1s de 37 a\u00f1os, ayudo a aut\u00f3nomos y empresarios asesor\u00e1ndolos para mejorar la gesti\u00f3n de su empresa. He gestionado con \u00e9xito alrededor de 2.000 asuntos jur\u00eddicos, que avalan la calidad y seriedad de mi despacho.<\/p>\n<h3 style=\"text-align: center;\">\u00a1Contacte conmigo!<\/h3>\n<p>Estudio cada caso de forma individual.Contrasto cada situaci\u00f3n con mi experiencia profesional de<strong> <\/strong><span style=\"color: rgb(255, 255, 255);\">m\u00e1s de 37 a\u00f1os<\/span> en el sector.Como abogado especialista en reestructuraci\u00f3n patrimonial, genero planes de acci\u00f3n a medida de las necesidades de cada cliente.<\/p>\n<p align=\"center\"><strong>\u00a1Proteja su patrimonio familiar, ganando seguridad y tranquilidad!<\/strong><\/p>\n<ul>\n<li><span><strong><span>Informe expr\u00e9s<\/span><\/strong><strong>\u200b<\/strong><\/span><\/li>\n<\/ul>\n<h2 style=\"text-align: center;\">\u00a1Un informe a medida!<\/h2>\n<p style=\"text-align: justify;\">Conozca el estado jur\u00eddico actual de su actividad profesional, para tomar decisiones correctas y evitar un posible impacto sobre su patrimonio personal.<\/p>\n<h2 style=\"text-align: center;\">\u00bfQu\u00e9 incluye el servicio?<\/h2>\n<p style=\"text-align: justify;\">\u200bRecibir\u00e1 un informe realizado por un experto en reestructuraci\u00f3n patrimonial, que analizar\u00e1, de forma detallada, el <strong>estado jur\u00eddico actual de su actividad profesional<\/strong>. Adem\u00e1s, un informe de <strong>asesoramiento<\/strong>, con consejos acerca de cu\u00e1les son las mejores decisiones para que su patrimonio personal no se vea comprometido. Para su mejor comprensi\u00f3n, el informe que recibir\u00e1 estar\u00e1 redactado de forma clara y simple, sin tecnicismos jur\u00eddicos.<\/p>\n<h2 style=\"text-align: center;\">Con este informe podr\u00e1 conocer:<\/h2>\n<ul>\n<li><span><strong>Situaci\u00f3n jur\u00eddica de su empresa.<\/strong><\/span><\/li>\n<li><span><strong>Opini\u00f3n profesional experta en reestructuraci\u00f3n patrimonial, en base al nivel de&nbsp; &nbsp; &nbsp; &nbsp; &nbsp; &nbsp; &nbsp; &nbsp; &nbsp; &nbsp; &nbsp; &nbsp; &nbsp; &nbsp; &nbsp; &nbsp; &nbsp; riesgo detectado en la informaci\u00f3n proporcionada.<\/strong><\/span><\/li>\n<\/ul>\n<p><span style=\"font-size: 22px;\"><strong>*&nbsp;<\/strong><\/span><em><span style=\"font-size: 15px;\">Este informe es a medida y confidencial, por lo que s\u00f3lo estar\u00e1 hecho a medida de su situaci\u00f3n y s\u00f3lo usted tendr\u00e1&nbsp; &nbsp; &nbsp; &nbsp; &nbsp;&nbsp;<\/span><\/em><span style=\"font-size: 15px;\"><em>acceso a \u00e9l.<\/em><\/span><\/p>\n<h2 style=\"text-align: center;\">\u00bfCu\u00e1l es el proceso?<\/h2>\n<p style=\"text-align: center;\">1<\/p>\n<h3 style=\"text-align: center;\"><strong>Deber\u00e1 solicitar el informe, completando su nombre, correo y tel\u00e9fono.<\/strong><\/h3>\n<p style=\"text-align: center;\">2<\/p>\n<h3 style=\"text-align: center;\"><strong>Completar un cuestionario de forma digital y r\u00e1pida.<\/strong><strong>\u200b<\/strong><\/h3>\n<p style=\"text-align: center;\">3<\/p>\n<h3 style=\"text-align: center;\"><strong>Realizar el pago por el importe del servicio.<\/strong><strong>\u200b<\/strong><\/h3>\n<p style=\"text-align: center;\">4<\/p>\n<h3 style=\"text-align: center;\"><strong>Una vez acreditado el pago, analizar\u00e9 detenidamente la informaci\u00f3n recibida y emitir\u00e9 el informe correspondiente.<\/strong><\/h3>\n<p style=\"text-align: center;\">5<\/p>\n<h3 style=\"text-align: center;\"><strong><span style=\"color: rgb(122, 0, 64);\">En 5 d\u00edas h\u00e1biles<\/span>, recibir\u00e1 el informe en su correo.<\/strong><\/h3>\n<p style=\"text-align: center;\"><strong><span>Ahora por s\u00f3lo <span style=\"color: rgb(122, 0, 64); font-size: 50px;\">90\u20ac<\/span><\/span><\/strong><\/p>\n<p style=\"text-align: center;\">en lugar de 120\u20ac<\/p>\n<ul>\n<li><span><strong><span style=\"color: rgb(35, 40, 45);\">Informe de Actividad<\/span><\/strong><strong>\u200b<\/strong><\/span><\/li>\n<\/ul>\n<h2 style=\"text-align: center;\">\u00a1Un informe detallado y plan de acci\u00f3n a medida!<\/h2>\n<p style=\"text-align: justify;\">Conozca el estado general actual de su actividad profesional y reciba un plan de acci\u00f3n a medida, para tomar decisiones correctas y evitar un posible impacto sobre su patrimonio personal.<\/p>\n<h2 style=\"text-align: center;\">\u00bfQu\u00e9 incluye el servicio?<\/h2>\n<p style=\"text-align: justify;\">\u200bRecibir\u00e1 un informe realizado por un experto en reestructuraci\u00f3n patrimonial, que analizar\u00e1, de forma detallada, el <strong>estado jur\u00eddico, laboral, contable, fiscal y civil actual de su actividad profesional<\/strong>. Adem\u00e1s, un <strong>plan de acci\u00f3n<\/strong>, con directrices para resguardar su patrimonio personal. Para su mejor comprensi\u00f3n, el informe que recibir\u00e1 estar\u00e1 redactado de forma clara y simple, sin tecnicismos jur\u00eddicos.<\/p>\n<h2 style=\"text-align: center;\">Con este informe podr\u00e1 conocer:<\/h2>\n<ul>\n<li><span><strong>Situaci\u00f3n jur\u00eddica, laboral, contable, fiscal y civil de su empresa.<\/strong><\/span><\/li>\n<li><span><strong>Opini\u00f3n profesional experta en reestructuraci\u00f3n patrimonial, en base al nivel de&nbsp; &nbsp; &nbsp; &nbsp; &nbsp; &nbsp; &nbsp; &nbsp; &nbsp; &nbsp; &nbsp; &nbsp; &nbsp; &nbsp; &nbsp; &nbsp; &nbsp; &nbsp; &nbsp;riesgo detectado en la informaci\u00f3n proporcionada.<\/strong><\/span><\/li>\n<li>check<span><strong>Plan de acci\u00f3n para tomar las decisiones correctas y lograr los mejores resultados.<\/strong><\/span><\/li>\n<\/ul>\n<p><span style=\"font-size: 22px;\"><strong>*&nbsp;<\/strong><\/span><em><span style=\"font-size: 15px;\">Este informe es a medida y confidencial, por lo que s\u00f3lo estar\u00e1 hecho a medida de su situaci\u00f3n y s\u00f3lo usted tendr\u00e1&nbsp; &nbsp; &nbsp; &nbsp; &nbsp;&nbsp;<\/span><\/em><span style=\"font-size: 15px;\"><em>acceso a \u00e9l.<\/em><\/span><\/p>\n<h2 style=\"text-align: center;\">\u00bfCu\u00e1l es el proceso?<\/h2>\n<p style=\"text-align: center;\">1<\/p>\n<h3 style=\"text-align: center;\"><strong>Deber\u00e1 solicitar el informe, completando su nombre, correo y tel\u00e9fono.<\/strong><\/h3>\n<p style=\"text-align: center;\">2<\/p>\n<h3 style=\"text-align: center;\"><strong>Completar un cuestionario de forma digital y r\u00e1pida.<\/strong><strong>\u200b<\/strong><\/h3>\n<p style=\"text-align: center;\">3<\/p>\n<h3 style=\"text-align: center;\"><strong>Realizar el pago por el importe del servicio.<\/strong><strong>\u200b<\/strong><\/h3>\n<p style=\"text-align: center;\">4<\/p>\n<h3 style=\"text-align: center;\"><strong>Una vez acreditado el pago, analizar\u00e9 detenidamente la informaci\u00f3n recibida y emitir\u00e9 el informe correspondiente.<\/strong><\/h3>\n<p style=\"text-align: center;\">5<\/p>\n<h3 style=\"text-align: center;\"><strong><span style=\"color: rgb(122, 0, 64);\">En 5 d\u00edas h\u00e1biles<\/span>, recibir\u00e1 el informe en su correo.<\/strong><\/h3>\n<p style=\"text-align: center;\"><strong><span>Ahora por s\u00f3lo <span style=\"color: rgb(122, 0, 64); font-size: 50px;\">180\u20ac<\/span><\/span><\/strong><\/p>\n<p style=\"text-align: center;\">en lugar de 240\u20ac<\/p>\n<p><span style=\"font-size: 22px;\"><strong>*&nbsp;<\/strong><\/span><em><span style=\"font-size: 15px;\">Si todav\u00eda tiene dudas, puede escribirnos y le ofreceremos m\u00e1s informaci\u00f3n<\/span><\/em><\/p>\n<ul>\n<li><span><strong><span style=\"color: rgb(35, 40, 45);\">Constituci\u00f3n de Sociedad<\/span><\/strong><\/span><\/li>\n<\/ul>\n<h2 style=\"text-align: center;\">\u00a1Todo lo que debe saber y tener para constituir su Sociedad Limitada (SL)!<\/h2>\n<p style=\"text-align: justify;\">Limite su responsabilidad personal gestionando su actividad profesional a trav\u00e9s de una sociedad. Proteja su patrimonio personal definiendo sus activos empresariales.<\/p>\n<h2 style=\"text-align: center;\">\u00bfQu\u00e9 incluye el servicio?<\/h2>\n<p style=\"text-align: justify;\">\u200b<strong>Asesoramiento, documentaci\u00f3n y asistencia profesional<\/strong> para constituir, de manera f\u00e1cil y r\u00e1pida, su sociedad limitada.<\/p>\n<h2 style=\"text-align: center;\">\u00bfCu\u00e1l es el proceso?<\/h2>\n<p style=\"text-align: center;\">1<\/p>\n<h3 style=\"text-align: center;\"><strong>Deber\u00e1 solicitar la constituci\u00f3n de la sociedad, completando su nombre, correo y tel\u00e9fono.<\/strong><\/h3>\n<p style=\"text-align: center;\">2<\/p>\n<h3 style=\"text-align: center;\"><strong>Completar un cuestionario de forma digital y r\u00e1pida.<\/strong><strong><\/strong><strong>\u200b\u200b<\/strong><\/h3>\n<p style=\"text-align: center;\">3<\/p>\n<h3 style=\"text-align: center;\"><strong>Realizar el pago por el importe del servicio.<\/strong><strong><\/strong><strong>\u200b\u200b<\/strong><\/h3>\n<p style=\"text-align: center;\">4<\/p>\n<h3 style=\"text-align: center;\"><strong>Una vez acreditado, recibir\u00e1 el modelo de estatutos sociales (modelo del Ministerio de Justicia), las recomendaciones sobre los aspectos m\u00e1s importantes de la SL, el nombre y direcci\u00f3n de un notario de su zona y el detalle de los tr\u00e1mites previos que deber\u00e1 realizar.<\/strong><\/h3>\n<p style=\"text-align: center;\">5<\/p>\n<h3 style=\"text-align: center;\"><strong><span>Una vez enviada la documentaci\u00f3n completa y sin errores, en <span style=\"color: rgb(122, 0, 64);\">30 d\u00edas h\u00e1biles<\/span> podr\u00eda tener constituida su Sociedad Limitada (SL).<\/span><\/strong><\/h3>\n<p style=\"text-align: center;\"><strong><span>Ahora por s\u00f3lo <span style=\"color: rgb(122, 0, 64); font-size: 50px;\">270\u20ac<\/span><\/span><\/strong><\/p>\n<p style=\"text-align: center;\">en lugar de 360\u20ac<\/p>\n<p style=\"text-align: center;\">PREGUNTAS FRECUENTES<\/p>\n<p><span><\/span><\/p>\n<h4 data-tcb_hover_state_parent=\"\"><strong>\u00bfC\u00f3mo ser\u00e1 el contacto?<\/strong><\/h4>\n<p>100% digital.<\/p>\n<p><span><\/span><\/p>\n<h4 data-tcb_hover_state_parent=\"\"><strong>En caso de gestionar mi actividad profesional a trav\u00e9s de una Sociedad Limitada \u00bfdebo solicitar documentaci\u00f3n a mi asesor para poder iniciar el tr\u00e1mite?<\/strong><\/h4>\n<p>En esta primera instancia, no es necesario que env\u00ede su documentaci\u00f3n. S\u00f3lo deber\u00e1 facilitar informaci\u00f3n a trav\u00e9s del cuestionario en l\u00ednea.<\/p>\n<p><span><\/span><\/p>\n<h4 data-tcb_hover_state_parent=\"\"><strong>\u00bfQu\u00e9 diferencias existen entre el Informe Express y el Informe de Actividad?<\/strong><\/h4>\n<p>El Informe Express es un diagn\u00f3stico de la situaci\u00f3n jur\u00eddica actual de su actividad como empresario o profesional. En cambio, en el Informe de Actividad no s\u00f3lo se realiza un diagn\u00f3stico de la situaci\u00f3n jur\u00eddica, tambi\u00e9n se analiza la parte laboral, contable, fiscal y civil de su actividad ofreci\u00e9ndose un plan de acci\u00f3n a medida para proteger su patrimonio familiar.<\/p>\n<p><span><\/span><\/p>\n<h4 data-tcb_hover_state_parent=\"\"><strong>Soy aut\u00f3nomo y ejerzo una actividad profesional \u00bfpuedo constituir una sociedad?<\/strong><\/h4>\n<p>S\u00ed, la podr\u00e1 constituir siempre que tenga una actividad econ\u00f3mica y la ley no prevea lo contrario (por ejemplo, en el caso de los farmac\u00e9uticos no pueden gestionar su actividad con una sociedad limitada).<\/p>\n<p style=\"text-align: center;\">Sans Abogados | Gran Via de Carles III 98, Edifici Nord, Pl. 10 | 08028 Barcelona | M. 607 221 820 | info@sansabogados.com <span style=\"color: rgb(35, 40, 45);\"><a href=\"https:\/\/sansabogados.com\/es\/aviso-legal\/\" target=\"_blank\">Aviso Legal<\/a> | <a href=\"https:\/\/sansabogados.com\/es\/politica-cookies\/\" target=\"_blank\">Pol\u00edtica de Cookies<\/a> | <a href=\"https:\/\/sansabogados.com\/es\/politica-de-privacidad-y-proteccion-de-datos\/\" target=\"_blank\">Poli\u0301tica de privacidad<\/a> | \u00a9 Copyright 2018<\/span><\/p>\n<p><span style=\"width: 100%;\"><img loading=\"lazy\" decoding=\"async\" alt=\"\" width=\"259\" height=\"28\" title=\"Sans-Abogados_br-1\" data-id=\"1779\" src=\"https:\/\/sansabogados.com\/wp-content\/uploads\/2015\/02\/Sans-Abogados_br-1.png\" style=\"width: 100%;\"><\/span><\/p>\n","protected":false},"excerpt":{"rendered":"<p>[tcb-script](function(i,s,o,g,r,a,m){i[&#8216;GoogleAnalyticsObject&#8217;]=r;i[r]=i[r]||function(){(i[r].q=i[r].q||[]).push(arguments)},i[r].l=1*new Date();a=s.createElement(o),m=s.getElementsByTagName(o)[0];a.async=1;a.src=g;m.parentNode.insertBefore(a,m)})(window,document,&#8217;script&#8217;,&#8217;https:\/\/www.google-analytics.com\/analytics.js&#8217;,&#8217;ga&#8217;);ga(&#8216;create&#8217;, &#8216;UA-2049548-68&#8217;, &#8216;auto&#8217;);ga(&#8216;send&#8217;, &#8216;pageview&#8217;);[\/tcb-script] PROTEJA SU PATRIMONIO FAMILIAR Ayudamos a empresarios individuales en la protecci\u00f3n de su patrimonio personal y familiar, prepar\u00e1ndolo para un correcto relevo generacional. Cuidamos los intereses de su familia y el futuro de su actividad. \u00bfSab\u00eda que su patrimonio personal puede verse afectado por su actividad? Obtenga un informe r\u00e1pido [&hellip;]<\/p>\n","protected":false},"author":2,"featured_media":0,"parent":0,"menu_order":0,"comment_status":"closed","ping_status":"closed","template":"","meta":{"footnotes":""},"class_list":["post-1449","page","type-page","status-publish","hentry"],"_links":{"self":[{"href":"https:\/\/sansabogados.com\/es\/wp-json\/wp\/v2\/pages\/1449","targetHints":{"allow":["GET"]}}],"collection":[{"href":"https:\/\/sansabogados.com\/es\/wp-json\/wp\/v2\/pages"}],"about":[{"href":"https:\/\/sansabogados.com\/es\/wp-json\/wp\/v2\/types\/page"}],"author":[{"embeddable":true,"href":"https:\/\/sansabogados.com\/es\/wp-json\/wp\/v2\/users\/2"}],"replies":[{"embeddable":true,"href":"https:\/\/sansabogados.com\/es\/wp-json\/wp\/v2\/comments?post=1449"}],"version-history":[{"count":4,"href":"https:\/\/sansabogados.com\/es\/wp-json\/wp\/v2\/pages\/1449\/revisions"}],"predecessor-version":[{"id":1807,"href":"https:\/\/sansabogados.com\/es\/wp-json\/wp\/v2\/pages\/1449\/revisions\/1807"}],"wp:attachment":[{"href":"https:\/\/sansabogados.com\/es\/wp-json\/wp\/v2\/media?parent=1449"}],"curies":[{"name":"wp","href":"https:\/\/api.w.org\/{rel}","templated":true}]}}