{"id":1294,"date":"2017-06-21T23:26:18","date_gmt":"2017-06-21T21:26:18","guid":{"rendered":"https:\/\/sansabogados.com\/?page_id=1294\/"},"modified":"2024-10-15T22:20:59","modified_gmt":"2024-10-15T20:20:59","slug":"inicio-2","status":"publish","type":"page","link":"https:\/\/sansabogados.com\/es\/","title":{"rendered":"INICIO<div id=\"tar-display\"><\/div>"},"content":{"rendered":"<div class=\"fusion-fullwidth fullwidth-box nonhundred-percent-fullwidth non-hundred-percent-height-scrolling\"  style='background-color: rgba(255,255,255,0);background-position: left top;background-repeat: no-repeat;padding-top:50px;padding-right:0px;padding-bottom:20px;padding-left:0px;border-top-width:0px;border-bottom-width:0px;border-color:#eae9e9;border-top-style:solid;border-bottom-style:solid;'><div class=\"fusion-builder-row fusion-row \"><div  class=\"fusion-layout-column fusion_builder_column fusion_builder_column_1_1  fusion-one-full fusion-column-first fusion-column-last fusion-column-no-min-height 1_1\"  style='margin-top:0px;margin-bottom:0px;'>\n\t\t\t\t\t<div class=\"fusion-column-wrapper\" style=\"padding: 0px 0px 0px 0px;background-position:left top;background-repeat:no-repeat;-webkit-background-size:cover;-moz-background-size:cover;-o-background-size:cover;background-size:cover;\"  data-bg-url=\"\">\n\t\t\t\t\t\t<div class=\"fusion-sep-clear\"><\/div><div class=\"fusion-separator fusion-full-width-sep sep-single sep-solid\" style=\"border-color:#7a0040;border-top-width:5px;margin-left: auto;margin-right: auto;margin-top:0px;margin-bottom:0px;\"><\/div><div class=\"fusion-content-boxes content-boxes columns row fusion-columns-3 fusion-columns-total-3 fusion-content-boxes-1 content-boxes-icon-with-title content-left\" data-animationOffset=\"100%\" style=\"margin-top:0px;margin-bottom:60px;\"><style type=\"text\/css\" scoped=\"scoped\">.fusion-content-boxes-1 .heading .content-box-heading {color:#3b4251;}\n\t\t\t\t\t.fusion-content-boxes-1 .fusion-content-box-hover .link-area-link-icon-hover .heading .content-box-heading,\n\t\t\t\t\t.fusion-content-boxes-1 .fusion-content-box-hover .link-area-link-icon-hover .heading .heading-link .content-box-heading,\n\t\t\t\t\t.fusion-content-boxes-1 .fusion-content-box-hover .link-area-box-hover .heading .content-box-heading,\n\t\t\t\t\t.fusion-content-boxes-1 .fusion-content-box-hover .link-area-box-hover .heading .heading-link .content-box-heading,\n\t\t\t\t\t.fusion-content-boxes-1 .fusion-content-box-hover .link-area-link-icon-hover.link-area-box .fusion-read-more,\n\t\t\t\t\t.fusion-content-boxes-1 .fusion-content-box-hover .link-area-link-icon-hover.link-area-box .fusion-read-more::after,\n\t\t\t\t\t.fusion-content-boxes-1 .fusion-content-box-hover .link-area-link-icon-hover.link-area-box .fusion-read-more::before,\n\t\t\t\t\t.fusion-content-boxes-1 .fusion-content-box-hover .fusion-read-more:hover:after,\n\t\t\t\t\t.fusion-content-boxes-1 .fusion-content-box-hover .fusion-read-more:hover:before,\n\t\t\t\t\t.fusion-content-boxes-1 .fusion-content-box-hover .fusion-read-more:hover,\n\t\t\t\t\t.fusion-content-boxes-1 .fusion-content-box-hover .link-area-box-hover.link-area-box .fusion-read-more,\n\t\t\t\t\t.fusion-content-boxes-1 .fusion-content-box-hover .link-area-box-hover.link-area-box .fusion-read-more::after,\n\t\t\t\t\t.fusion-content-boxes-1 .fusion-content-box-hover .link-area-box-hover.link-area-box .fusion-read-more::before,\n\t\t\t\t\t.fusion-content-boxes-1 .fusion-content-box-hover .link-area-link-icon-hover .icon .circle-no,\n\t\t\t\t\t.fusion-content-boxes-1 .heading .heading-link:hover .content-box-heading {\n\t\t\t\t\t\tcolor: #7a0040;\n\t\t\t\t\t}\n\t\t\t\t\t.fusion-content-boxes-1 .fusion-content-box-hover .link-area-box-hover .icon .circle-no {\n\t\t\t\t\t\tcolor: #7a0040 !important;\n\t\t\t\t\t}.fusion-content-boxes-1 .fusion-content-box-hover .link-area-box.link-area-box-hover .fusion-content-box-button {background: #7a0040;color: #ffffff;}.fusion-content-boxes-1 .fusion-content-box-hover .link-area-box.link-area-box-hover .fusion-content-box-button .fusion-button-text {color: #ffffff;}\n\t\t\t\t\t.fusion-content-boxes-1 .fusion-content-box-hover .link-area-link-icon-hover .heading .icon > span {\n\t\t\t\t\t\tbackground-color: #7a0040 !important;\n\t\t\t\t\t}\n\t\t\t\t\t.fusion-content-boxes-1 .fusion-content-box-hover .link-area-box-hover .heading .icon > span {\n\t\t\t\t\t\tborder-color: #7a0040 !important;\n\t\t\t\t\t}<\/style><div class=\"fusion-column content-box-column content-box-column content-box-column-1 col-lg-4 col-md-4 col-sm-4 fusion-content-box-hover  content-box-column-first-in-row\"><div class=\"col content-wrapper link-area-box icon-hover-animation-slide\" style=\"background-color:rgba(255,255,255,0);\" data-animationOffset=\"100%\"><div class=\"heading heading-with-icon icon-left\"><div class=\"icon\"><i style=\"background-color:transparent;border-color:transparent;height:auto;width: 21px;line-height:normal;color:#7a0040;font-size:21px;\" class=\"fontawesome-icon fa-landmark fas circle-no\"><\/i><\/div><h2 class=\"content-box-heading\" style=\"font-size:18px;line-height:23px;\">M\u00e1s de 35 a\u00f1os de experiencia<\/h2><\/div><\/div><\/div><div class=\"fusion-column content-box-column content-box-column content-box-column-2 col-lg-4 col-md-4 col-sm-4 fusion-content-box-hover \"><div class=\"col content-wrapper link-area-box icon-hover-animation-slide\" style=\"background-color:rgba(255,255,255,0);\" data-animationOffset=\"100%\"><div class=\"heading heading-with-icon icon-left\"><div class=\"icon\"><i style=\"background-color:transparent;border-color:transparent;height:auto;width: 21px;line-height:normal;color:#7a0040;font-size:21px;\" class=\"fontawesome-icon fa-check-circle fas circle-no\"><\/i><\/div><h2 class=\"content-box-heading\" style=\"font-size:18px;line-height:23px;\">M\u00e9todo propio de diagn\u00f3stico y resoluci\u00f3n de conflictos<\/h2><\/div><\/div><\/div><div class=\"fusion-column content-box-column content-box-column content-box-column-3 col-lg-4 col-md-4 col-sm-4 fusion-content-box-hover  content-box-column-last\"><div class=\"col content-wrapper link-area-box icon-hover-animation-slide\" style=\"background-color:rgba(255,255,255,0);\" data-animationOffset=\"100%\"><div class=\"heading heading-with-icon icon-left\"><div class=\"icon\"><i style=\"background-color:transparent;border-color:transparent;height:auto;width: 21px;line-height:normal;color:#7a0040;font-size:21px;\" class=\"fontawesome-icon fa-user-alt fas circle-no\"><\/i><\/div><h2 class=\"content-box-heading\" style=\"font-size:18px;line-height:23px;\">Seguimiento y comunicaci\u00f3n continuos<\/h2><\/div><\/div><\/div><style type=\"text\/css\" scoped=\"scoped\">\n\t\t\t\t\t\t.fusion-content-boxes-1 .fusion-content-box-hover .heading-link:hover .icon i.circle-yes,\n\t\t\t\t\t\t.fusion-content-boxes-1 .fusion-content-box-hover .link-area-box:hover .heading-link .icon i.circle-yes,\n\t\t\t\t\t\t.fusion-content-boxes-1 .fusion-content-box-hover .link-area-link-icon-hover .heading .icon i.circle-yes,\n\t\t\t\t\t\t.fusion-content-boxes-1 .fusion-content-box-hover .link-area-box-hover .heading .icon i.circle-yes {\n\t\t\t\t\t\t\tbackground-color: #7a0040 !important;\n\t\t\t\t\t\t\tborder-color: #7a0040 !important;\n\t\t\t\t\t\t}<\/style><div class=\"fusion-clearfix\"><\/div><\/div><div class=\"fusion-clearfix\"><\/div>\n\n\t\t\t\t\t<\/div>\n\t\t\t\t<\/div><div  class=\"fusion-layout-column fusion_builder_column fusion_builder_column_1_1  fusion-one-full fusion-column-first fusion-column-last fusion-blend-mode 1_1\"  style='margin-top:0px;margin-bottom:20px;'>\n\t\t\t\t\t<div class=\"fusion-column-wrapper\" style=\"background-color:#ffffff;border:1px solid #e2e2e2;padding: 60px 60px 40px 60px;background-position:left top;background-repeat:no-repeat;-webkit-background-size:cover;-moz-background-size:cover;-o-background-size:cover;background-size:cover;\"  data-bg-url=\"\">\n\t\t\t\t\t\t<div class=\"fusion-text\"><h3 style=\"text-align: left; margin-top: -20px;\">Asesoramiento Legal que Transforma tu Tranquilidad<\/h3>\n<p>En <strong>Sans Abogados<\/strong>, creemos que la mejor defensa legal es la que se adapta a las necesidades de cada cliente. Con m\u00e1s de 10 a\u00f1os de experiencia, ofrecemos servicios de asesoramiento y representaci\u00f3n en \u00e1reas clave como <strong>derecho de familia<\/strong>, <strong>herencias<\/strong>, <strong>arrendamientos<\/strong> y <strong>deudas<\/strong>, incluyendo la <strong>Ley de Segunda Oportunidad<\/strong>. Nuestro objetivo es que te sientas respaldado y que puedas superar tus problemas legales con confianza.<\/p>\n<h4><strong>Nuestras \u00c1reas de Especializaci\u00f3n<\/strong><\/h4>\n<ul>\n<li><strong>Herencias<\/strong>: Gestionamos todo el proceso de sucesi\u00f3n, desde la redacci\u00f3n de testamentos hasta la partici\u00f3n de bienes, siempre protegiendo tus intereses y derechos.<\/li>\n<li><strong>Divorcios<\/strong>: Te ofrecemos asesoramiento en divorcios tanto de mutuo acuerdo como contenciosos, defendiendo tus derechos y buscando el mejor resultado para ti y tu familia.<\/li>\n<li><strong>Arrendamientos<\/strong>: Tanto si eres propietario como si eres inquilino, te ayudamos a resolver conflictos de alquiler, redactar contratos o gestionar desalojos.<\/li>\n<li><strong>Deudas y Ley de Segunda Oportunidad<\/strong>: Si las deudas te ahogan, te ayudamos a negociar o acogerte a la Ley de Segunda Oportunidad para liberarte de ellas y comenzar de nuevo.<\/li>\n<\/ul>\n<h4><strong>\u00bfPor Qu\u00e9 Elegir Sans Abogados?<\/strong><\/h4>\n<ul>\n<li><strong>Experiencia Contrastada<\/strong>: Nuestros a\u00f1os de experiencia nos permiten ofrecer soluciones efectivas en tiempo r\u00e9cord.<\/li>\n<li><strong>Atenci\u00f3n Personalizada<\/strong>: Nos tomamos el tiempo para escuchar tu caso y ofrecerte un plan de acci\u00f3n adaptado a tus necesidades.<\/li>\n<li><strong>Transparencia y Confianza<\/strong>: Te mantenemos informado en todo momento, sin sorpresas ni complicaciones.<\/li>\n<\/ul>\n<h4><strong>Solicita Tu Consulta Gratuita<\/strong><\/h4>\n<p>En <strong>Sans Abogados<\/strong>, estamos preparados para ayudarte a resolver cualquier situaci\u00f3n legal que enfrentes. <strong>Cont\u00e1ctanos ahora<\/strong> y solicita una <strong>consulta gratuita<\/strong>. Nuestro equipo de profesionales est\u00e1 a tu disposici\u00f3n para ofrecerte la mejor soluci\u00f3n legal. <strong>\u00a1No esperes m\u00e1s<\/strong> para obtener el asesoramiento que necesitas!<\/p>\n<\/div><div class=\"fusion-sep-clear\"><\/div><div class=\"fusion-separator fusion-full-width-sep sep-double\" style=\"border-color:#e0dede;border-top-width:1px;border-bottom-width:1px;margin-left: auto;margin-right: auto;margin-top:;\"><\/div><div class=\"fusion-builder-row fusion-builder-row-inner fusion-row \"><div  class=\"fusion-layout-column fusion_builder_column fusion_builder_column_1_3  fusion-one-third fusion-column-first 1_3\"  style='margin-top: 0px;margin-bottom: 20px;width:33.33%;width:calc(33.33% - ( ( 4% ) * 0.3333 ) );margin-right:4%;'><div class=\"fusion-column-wrapper\" style=\"padding: 0px 0px 0px 0px;background-position:left top;background-repeat:no-repeat;-webkit-background-size:cover;-moz-background-size:cover;-o-background-size:cover;background-size:cover;\"  data-bg-url=\"\"><span class=\"fusion-imageframe imageframe-none imageframe-1 hover-type-none\"><img decoding=\"async\" src=\"https:\/\/sansabogados.com\/wp-content\/uploads\/2019\/04\/celso.jpg\" width=\"\" height=\"\" alt=\"\" title=\"\" class=\"img-responsive\"\/><\/span><\/div><\/div><div  class=\"fusion-layout-column fusion_builder_column fusion_builder_column_2_3  fusion-two-third fusion-column-last 2_3\"  style='margin-top: 0px;margin-bottom: 20px;width:66.66%;width:calc(66.66% - ( ( 4% ) * 0.6666 ) );'><div class=\"fusion-column-wrapper\" style=\"padding: 0px 0px 0px 0px;background-position:left top;background-repeat:no-repeat;-webkit-background-size:cover;-moz-background-size:cover;-o-background-size:cover;background-size:cover;\"  data-bg-url=\"\"><div class=\"fusion-text\"><p>Celso Sans y Letosa<\/p>\n<p>Consejero de empresas y abogado con m\u00e1s de 35 a\u00f1os de ejercicio profesional<\/p>\n<p>Es el director de <strong>Sans Abogados<\/strong><\/p>\n<\/div><\/div><\/div><\/div><div class=\"fusion-sep-clear\"><\/div><div class=\"fusion-separator fusion-full-width-sep sep-double\" style=\"border-color:#e0dede;border-top-width:1px;border-bottom-width:1px;margin-left: auto;margin-right: auto;margin-top:;\"><\/div><span class=\"fusion-imageframe imageframe-none imageframe-2 hover-type-none\"><img loading=\"lazy\" decoding=\"async\" src=\"https:\/\/sansabogados.com\/wp-content\/uploads\/2015\/02\/sans-abogados-destacat-vermell.png\" width=\"1024\" height=\"172\" alt=\"\" title=\"sans abogados destacat vermell\" class=\"img-responsive wp-image-1584\" srcset=\"https:\/\/sansabogados.com\/wp-content\/uploads\/2015\/02\/sans-abogados-destacat-vermell-200x34.png 200w, https:\/\/sansabogados.com\/wp-content\/uploads\/2015\/02\/sans-abogados-destacat-vermell-400x67.png 400w, https:\/\/sansabogados.com\/wp-content\/uploads\/2015\/02\/sans-abogados-destacat-vermell-600x101.png 600w, https:\/\/sansabogados.com\/wp-content\/uploads\/2015\/02\/sans-abogados-destacat-vermell-800x135.png 800w, https:\/\/sansabogados.com\/wp-content\/uploads\/2015\/02\/sans-abogados-destacat-vermell-1200x202.png 1200w, https:\/\/sansabogados.com\/wp-content\/uploads\/2015\/02\/sans-abogados-destacat-vermell.png 1312w\" sizes=\"auto, (max-width: 850px) 100vw, 1200px\" \/><\/span><div class=\"fusion-clearfix\"><\/div>\n\n\t\t\t\t\t<\/div>\n\t\t\t\t<\/div><\/div><\/div>\n","protected":false},"excerpt":{"rendered":"","protected":false},"author":2,"featured_media":0,"parent":0,"menu_order":0,"comment_status":"open","ping_status":"closed","template":"100-width.php","meta":{"footnotes":""},"class_list":["post-1294","page","type-page","status-publish","hentry"],"_links":{"self":[{"href":"https:\/\/sansabogados.com\/es\/wp-json\/wp\/v2\/pages\/1294","targetHints":{"allow":["GET"]}}],"collection":[{"href":"https:\/\/sansabogados.com\/es\/wp-json\/wp\/v2\/pages"}],"about":[{"href":"https:\/\/sansabogados.com\/es\/wp-json\/wp\/v2\/types\/page"}],"author":[{"embeddable":true,"href":"https:\/\/sansabogados.com\/es\/wp-json\/wp\/v2\/users\/2"}],"replies":[{"embeddable":true,"href":"https:\/\/sansabogados.com\/es\/wp-json\/wp\/v2\/comments?post=1294"}],"version-history":[{"count":14,"href":"https:\/\/sansabogados.com\/es\/wp-json\/wp\/v2\/pages\/1294\/revisions"}],"predecessor-version":[{"id":2134,"href":"https:\/\/sansabogados.com\/es\/wp-json\/wp\/v2\/pages\/1294\/revisions\/2134"}],"wp:attachment":[{"href":"https:\/\/sansabogados.com\/es\/wp-json\/wp\/v2\/media?parent=1294"}],"curies":[{"name":"wp","href":"https:\/\/api.w.org\/{rel}","templated":true}]}}