{"id":1270,"date":"2017-06-21T18:55:26","date_gmt":"2017-06-21T16:55:26","guid":{"rendered":"https:\/\/sansabogados.com\/?page_id=1270"},"modified":"2021-06-29T15:11:39","modified_gmt":"2021-06-29T13:11:39","slug":"articulos","status":"publish","type":"page","link":"https:\/\/sansabogados.com\/es\/articulos\/","title":{"rendered":"ART\u00cdCULOS"},"content":{"rendered":"<div class=\"fusion-fullwidth fullwidth-box nonhundred-percent-fullwidth non-hundred-percent-height-scrolling\"  style='background-color: rgba(255,255,255,0);background-position: left top;background-repeat: no-repeat;padding-top:0px;padding-right:0px;padding-bottom:0px;padding-left:0px;border-top-width:0px;border-bottom-width:0px;border-color:#eae9e9;border-top-style:solid;border-bottom-style:solid;'><div class=\"fusion-builder-row fusion-row \"><div  class=\"fusion-layout-column fusion_builder_column fusion_builder_column_1_1  fusion-one-full fusion-column-first fusion-column-last fusion-column-no-min-height 1_1\"  style='margin-top:0px;margin-bottom:0px;'>\n\t\t\t\t\t<div class=\"fusion-column-wrapper\" style=\"padding: 0px 0px 0px 0px;background-position:left top;background-repeat:no-repeat;-webkit-background-size:cover;-moz-background-size:cover;-o-background-size:cover;background-size:cover;\"  data-bg-url=\"\">\n\t\t\t\t\t\t<div class=\"fusion-sep-clear\"><\/div><div class=\"fusion-separator fusion-full-width-sep sep-single sep-solid\" style=\"border-color:#7a0040;border-top-width:5px;margin-left: auto;margin-right: auto;margin-top:;\"><\/div><div class=\"fusion-clearfix\"><\/div>\n\n\t\t\t\t\t<\/div>\n\t\t\t\t<\/div><div  class=\"fusion-layout-column fusion_builder_column fusion_builder_column_1_1  fusion-one-full fusion-column-first fusion-column-last fusion-blend-mode green-border rounded-border 1_1\"  style='margin-top:0px;margin-bottom:45px;'>\n\t\t\t\t\t<div class=\"fusion-column-wrapper\" style=\"background-color:#ffffff;border:1px solid #e2e2e2;padding: 60px 60px 0px; 60px;background-position:left top;background-repeat:no-repeat;-webkit-background-size:cover;-moz-background-size:cover;-o-background-size:cover;background-size:cover;\"  data-bg-url=\"\">\n\t\t\t\t\t\t<div class=\"fusion-recent-posts fusion-recent-posts-1 avada-container layout-default layout-columns-2\"><section class=\"fusion-columns columns fusion-columns-2 columns-2\"><article class=\"post fusion-column column col col-lg-6 col-md-6 col-sm-6\"><div class=\"recent-posts-content\"><span class=\"vcard\" style=\"display: none;\"><span class=\"fn\"><a href=\"https:\/\/sansabogados.com\/es\/v61\/celso\/\" title=\"Entradas de Celso Sans\" rel=\"author\">Celso Sans<\/a><\/span><\/span><span class=\"updated\" style=\"display:none;\">2021-07-04T13:17:14+02:00<\/span><h4 class=\"entry-title\"><a href=\"https:\/\/sansabogados.com\/es\/informe-pericial-2\/\">Informe pericial<\/a><\/h4><p> Definici\u00f3n y contenido. La misi\u00f3n de un perito en un juicio consiste en exponer una opini\u00f3n, realizados por su experiencia o pericia en la materia que necesite ser peritada, y \u2018convencer\u2019 a los intervinientes con argumentos consistentes y sin faltar a la verdad. La emisi\u00f3n de un informe pericial por parte de un profesional [...]<\/p><\/div><\/article><article class=\"post fusion-column column col col-lg-6 col-md-6 col-sm-6\"><div class=\"recent-posts-content\"><span class=\"vcard\" style=\"display: none;\"><span class=\"fn\"><a href=\"https:\/\/sansabogados.com\/es\/v61\/celso\/\" title=\"Entradas de Celso Sans\" rel=\"author\">Celso Sans<\/a><\/span><\/span><span class=\"updated\" style=\"display:none;\">2021-07-04T13:16:34+02:00<\/span><h4 class=\"entry-title\"><a href=\"https:\/\/sansabogados.com\/es\/la-prescripcion\/\">La prescripci\u00f3n<\/a><\/h4><p> La prescripci\u00f3n se presente en todo la sociedad, pero no le damos la atenci\u00f3n necesaria. Es compleja. Hay qui\u00e9n se beneficia porque adquiere un derecho y quien la sufre porque lo pierde. Por eso es fundamental conocerla, para tenerla presente y no terminar sufri\u00e9ndola, como es el caso de mucha gente. La prescripci\u00f3n en [...]<\/p><\/div><\/article><\/section><\/div><div class=\"fusion-clearfix\"><\/div>\n\n\t\t\t\t\t<\/div>\n\t\t\t\t<\/div><\/div><\/div>\n","protected":false},"excerpt":{"rendered":"","protected":false},"author":2,"featured_media":0,"parent":0,"menu_order":0,"comment_status":"closed","ping_status":"closed","template":"100-width.php","meta":{"footnotes":""},"class_list":["post-1270","page","type-page","status-publish","hentry"],"_links":{"self":[{"href":"https:\/\/sansabogados.com\/es\/wp-json\/wp\/v2\/pages\/1270","targetHints":{"allow":["GET"]}}],"collection":[{"href":"https:\/\/sansabogados.com\/es\/wp-json\/wp\/v2\/pages"}],"about":[{"href":"https:\/\/sansabogados.com\/es\/wp-json\/wp\/v2\/types\/page"}],"author":[{"embeddable":true,"href":"https:\/\/sansabogados.com\/es\/wp-json\/wp\/v2\/users\/2"}],"replies":[{"embeddable":true,"href":"https:\/\/sansabogados.com\/es\/wp-json\/wp\/v2\/comments?post=1270"}],"version-history":[{"count":2,"href":"https:\/\/sansabogados.com\/es\/wp-json\/wp\/v2\/pages\/1270\/revisions"}],"predecessor-version":[{"id":1746,"href":"https:\/\/sansabogados.com\/es\/wp-json\/wp\/v2\/pages\/1270\/revisions\/1746"}],"wp:attachment":[{"href":"https:\/\/sansabogados.com\/es\/wp-json\/wp\/v2\/media?parent=1270"}],"curies":[{"name":"wp","href":"https:\/\/api.w.org\/{rel}","templated":true}]}}