{"id":1262,"date":"2017-06-21T18:47:29","date_gmt":"2017-06-21T16:47:29","guid":{"rendered":"https:\/\/sansabogados.com\/?page_id=1262"},"modified":"2021-06-29T15:16:49","modified_gmt":"2021-06-29T13:16:49","slug":"servicios","status":"publish","type":"page","link":"https:\/\/sansabogados.com\/es\/servicios\/","title":{"rendered":"SERVICIOS"},"content":{"rendered":"<div class=\"fusion-fullwidth fullwidth-box nonhundred-percent-fullwidth non-hundred-percent-height-scrolling\"  style='background-color: rgba(255,255,255,0);background-position: left top;background-repeat: no-repeat;padding-top:0px;padding-right:0px;padding-bottom:0px;padding-left:0px;border-top-width:0px;border-bottom-width:0px;border-color:#eae9e9;border-top-style:solid;border-bottom-style:solid;'><div class=\"fusion-builder-row fusion-row \"><div  class=\"fusion-layout-column fusion_builder_column fusion_builder_column_1_1  fusion-one-full fusion-column-first fusion-column-last fusion-column-no-min-height 1_1\"  style='margin-top:0px;margin-bottom:0px;'>\n\t\t\t\t\t<div class=\"fusion-column-wrapper\" style=\"padding: 0px 0px 0px 0px;background-position:left top;background-repeat:no-repeat;-webkit-background-size:cover;-moz-background-size:cover;-o-background-size:cover;background-size:cover;\"  data-bg-url=\"\">\n\t\t\t\t\t\t<div class=\"fusion-sep-clear\"><\/div><div class=\"fusion-separator fusion-full-width-sep sep-single sep-solid\" style=\"border-color:#7a0040;border-top-width:5px;margin-left: auto;margin-right: auto;margin-top:0px;margin-bottom:0px;\"><\/div><div class=\"fusion-clearfix\"><\/div>\n\n\t\t\t\t\t<\/div>\n\t\t\t\t<\/div><div  class=\"fusion-layout-column fusion_builder_column fusion_builder_column_1_1  fusion-one-full fusion-column-first fusion-column-last fusion-blend-mode green-border rounded-border 1_1\"  style='margin-top:0px;margin-bottom:20px;'>\n\t\t\t\t\t<div class=\"fusion-column-wrapper\" style=\"background-color:#ffffff;border:1px solid #e2e2e2;padding: 60px 60px 50px 60px;background-position:left top;background-repeat:no-repeat;-webkit-background-size:cover;-moz-background-size:cover;-o-background-size:cover;background-size:cover;\"  data-bg-url=\"\">\n\t\t\t\t\t\t<div class=\"fusion-text\"><h3 style=\"text-align: left; margin-top: -20px;\">SERVICIOS PREVENTIVOS Y RESOLUTIVOS<\/h3>\n<p><strong>A la empresa<\/strong>, servicios en estrategia y t\u00e1ctica jur\u00eddica focalizados en la contrataci\u00f3n y negociaci\u00f3n en derecho civil, mercantil, administrativo y procesal-civil de acuerdo con las diversas situaciones que vive la sociedad.<\/p>\n<p><strong>Al consejo de administraci\u00f3n<\/strong>, asistimos a las sesiones para dar consejo independiente y objetivo.<\/p>\n<p><strong>Al empresario<\/strong>, lo ayudamos en aquellas cuestiones personales que necesitan un consejo libre de la propia actividad diaria de la empresa.<\/p>\n<\/div><div class=\"fusion-sep-clear\"><\/div><div class=\"fusion-separator fusion-full-width-sep sep-none\" style=\"margin-left: auto;margin-right: auto;margin-top:15px;margin-bottom:0px;\"><\/div><div class=\"fusion-text\"><h4 style=\"text-align: left;\">MERCANTIL<\/h4>\n<ul>\n<li>Contrataci\u00f3n mercantil<\/li>\n<li>Constituci\u00f3n, modificaci\u00f3n y disoluci\u00f3n de sociedades<\/li>\n<li>Modificaci\u00f3n y reglamentaci\u00f3n estatutaria de sociedades<\/li>\n<li>Ampliaci\u00f3n y reducci\u00f3n de capitales de sociedades mercantiles<\/li>\n<li>Reestructuraci\u00f3n de sociedad<\/li>\n<li>Venta de empresas, de sus participaciones o acciones y de sus activos en forma independiente<\/li>\n<li>Asesoramiento, preparaci\u00f3n de la documentaci\u00f3n de las Actas y asistencia a Consejos de administraci\u00f3n de sociedades<\/li>\n<li>Reclamaci\u00f3n extrajudicial de impagados<\/li>\n<li>Solicitud, tramitaci\u00f3n y obtenci\u00f3n de marcas<\/li>\n<\/ul>\n<h4 style=\"text-align: left;\">CIVIL<\/h4>\n<ul>\n<li>Contrataci\u00f3n civil<\/li>\n<li>Asesoramiento patrimonial<\/li>\n<li>Herencias, donaciones y testamentos<\/li>\n<li>Arrendamientos de fincas<\/li>\n<li>Compraventa de inmuebles, urbanos y r\u00fasticos<\/li>\n<\/ul>\n<h4 style=\"text-align: left;\">PROCESAL<\/h4>\n<ul>\n<li>Interposici\u00f3n, contestaci\u00f3n y seguimiento de cualquier procedimiento civil relativo a las \u00e1reas mercantil y civil.<\/li>\n<li>Concurso de acreedores.<\/li>\n<li>Interposici\u00f3n, contestaci\u00f3n y seguimiento de cualquier procedimiento.<\/li>\n<\/ul>\n<p style=\"text-align: left;\"><a href=\"https:\/\/sansabogados.com\/es\/contacto\/\">Ponte en contacto con nosotros para recibir m\u00e1s informaci\u00f3n <i class=\"fa fa-caret-right\"><\/i><\/a><\/p>\n<\/div><div class=\"fusion-sep-clear\"><\/div><div class=\"fusion-separator fusion-full-width-sep sep-none\" style=\"margin-left: auto;margin-right: auto;margin-top:15px;margin-bottom:0px;\"><\/div><div class=\"fusion-clearfix\"><\/div>\n\n\t\t\t\t\t<\/div>\n\t\t\t\t<\/div><\/div><\/div>\n","protected":false},"excerpt":{"rendered":"","protected":false},"author":2,"featured_media":0,"parent":0,"menu_order":0,"comment_status":"open","ping_status":"closed","template":"100-width.php","meta":{"footnotes":""},"class_list":["post-1262","page","type-page","status-publish","hentry"],"_links":{"self":[{"href":"https:\/\/sansabogados.com\/es\/wp-json\/wp\/v2\/pages\/1262","targetHints":{"allow":["GET"]}}],"collection":[{"href":"https:\/\/sansabogados.com\/es\/wp-json\/wp\/v2\/pages"}],"about":[{"href":"https:\/\/sansabogados.com\/es\/wp-json\/wp\/v2\/types\/page"}],"author":[{"embeddable":true,"href":"https:\/\/sansabogados.com\/es\/wp-json\/wp\/v2\/users\/2"}],"replies":[{"embeddable":true,"href":"https:\/\/sansabogados.com\/es\/wp-json\/wp\/v2\/comments?post=1262"}],"version-history":[{"count":2,"href":"https:\/\/sansabogados.com\/es\/wp-json\/wp\/v2\/pages\/1262\/revisions"}],"predecessor-version":[{"id":1754,"href":"https:\/\/sansabogados.com\/es\/wp-json\/wp\/v2\/pages\/1262\/revisions\/1754"}],"wp:attachment":[{"href":"https:\/\/sansabogados.com\/es\/wp-json\/wp\/v2\/media?parent=1262"}],"curies":[{"name":"wp","href":"https:\/\/api.w.org\/{rel}","templated":true}]}}