{"id":1255,"date":"2017-06-08T18:21:54","date_gmt":"2017-06-08T16:21:54","guid":{"rendered":"https:\/\/sansabogados.com\/politica-cookies\/"},"modified":"2021-06-29T15:17:21","modified_gmt":"2021-06-29T13:17:21","slug":"politica-cookies","status":"publish","type":"page","link":"https:\/\/sansabogados.com\/es\/politica-cookies\/","title":{"rendered":"POL\u00cdTICA DE COOKIES"},"content":{"rendered":"<div class=\"fusion-fullwidth fullwidth-box nonhundred-percent-fullwidth non-hundred-percent-height-scrolling\"  style='background-color: rgba(255,255,255,0);background-position: left top;background-repeat: no-repeat;padding-top:110px;padding-right:0px;padding-bottom:20px;padding-left:0px;border-top-width:0px;border-bottom-width:0px;border-color:#eae9e9;border-top-style:solid;border-bottom-style:solid;'><div class=\"fusion-builder-row fusion-row \"><div  class=\"fusion-layout-column fusion_builder_column fusion_builder_column_1_1  fusion-one-full fusion-column-first fusion-column-last fusion-column-no-min-height 1_1\"  style='margin-top:0px;margin-bottom:0px;'>\n\t\t\t\t\t<div class=\"fusion-column-wrapper\" style=\"padding: 0px 0px 0px 0px;background-position:left top;background-repeat:no-repeat;-webkit-background-size:cover;-moz-background-size:cover;-o-background-size:cover;background-size:cover;\"  data-bg-url=\"\">\n\t\t\t\t\t\t<div class=\"fusion-sep-clear\"><\/div><div class=\"fusion-separator fusion-full-width-sep sep-single sep-solid\" style=\"border-color:#7a0040;border-top-width:5px;margin-left: auto;margin-right: auto;margin-top:0px;margin-bottom:0px;\"><\/div><div class=\"fusion-clearfix\"><\/div>\n\n\t\t\t\t\t<\/div>\n\t\t\t\t<\/div><div  class=\"fusion-layout-column fusion_builder_column fusion_builder_column_1_1  fusion-one-full fusion-column-first fusion-column-last fusion-blend-mode green-border rounded-border 1_1\"  style='margin-top:0px;margin-bottom:20px;'>\n\t\t\t\t\t<div class=\"fusion-column-wrapper\" style=\"background-color:#ffffff;border:1px solid #e2e2e2;padding: 60px 60px 40px 60px;background-position:left top;background-repeat:no-repeat;-webkit-background-size:cover;-moz-background-size:cover;-o-background-size:cover;background-size:cover;\"  data-bg-url=\"\">\n\t\t\t\t\t\t<div class=\"fusion-text\"><h3 style=\"text-align: left; margin-top: -20px;\">POL\u00cdTICA DE COOKIES<\/h3>\n<p>\u201cBienvenido a la web de Celso Sans. Informamos que se emplean cookies propias y de terceros para mejorar la navegaci\u00f3n. Si contin\u00faa, entendemos que est\u00e1 conforme. M\u00e1s informaci\u00f3n: pol\u00edtica de cookies\u201d<\/p>\n<p><strong>Pol\u00edtica de cookies.<\/strong><br \/>\nEn esta web se emplean cookies propias y de terceros con el objetivo de conocer los intereses de los usuarios y proporcionar a los visitantes la mejor experiencia de navegaci\u00f3n.<br \/>\nUna cookie es un peque\u00f1o archivo de texto que se almacena en el dispositivo del usuario para facilitar su navegaci\u00f3n; en algunos casos son imprescindibles para el funcionamiento de la web. Dichas cookies contienen informaci\u00f3n sobre los h\u00e1bitos de navegaci\u00f3n del usuario.<\/p>\n<p>Las cookies se clasifican de la siguiente manera:<\/p>\n<p>&#8211; Seg\u00fan la entidad que las gestiona.<\/p>\n<ul>\n<li style=\"list-style-type: none;\">\n<ul>\n<li>Cookies propias: gestionadas por el propio editor.<\/li>\n<li>Cookies de terceros: gestionada por otra entidad.<\/li>\n<\/ul>\n<\/li>\n<\/ul>\n<p>&#8211; Seg\u00fan el plazo de tiempo que permanecen activadas.<\/p>\n<ul>\n<li>Cookies de sesi\u00f3n: solo recaban datos de navegaci\u00f3n durante la visita.<\/li>\n<li>Cookies persistentes: siguen almacenadas durante un periodo de tiempo.<\/li>\n<\/ul>\n<p>&#8211; Seg\u00fan su finalidad.<\/p>\n<ul>\n<li>Cookies t\u00e9cnicas: ayudan al funcionamiento de la p\u00e1gina web.<\/li>\n<li>Cookies de personalizaci\u00f3n: sirven al usuario para predeterminar caracter\u00edsticas para posteriores visitas.<\/li>\n<li>Cookies de an\u00e1lisis: permiten el an\u00e1lisis del comportamiento de los usuarios en la web para elaborar perfiles de navegaci\u00f3n.<\/li>\n<li>Cookies publicitarias: ayudan al editor a gestionar publicidad.<\/li>\n<li>Cookies de publicidad comportamental: gestionan los espacios publicitarios seg\u00fan el comportamiento del usuario y sus h\u00e1bitos de navegaci\u00f3n.<\/li>\n<\/ul>\n<p>En este caso, las <strong>cookies utilizadas en esta web<\/strong> son: pendiente listado cookies<\/p>\n<p>Si quiere restringir, bloquear o eliminar las cookies, es necesario que configure las opciones de su navegador. Las instrucciones para la configuraci\u00f3n de los navegadores principales son las siguientes:<\/p>\n<ul>\n<li>Firefox: http:\/\/support.mozilla.org\/es\/kb\/habilitar-y-deshabilitar-cookies-que-los-sitios-we<\/li>\n<li>Safari: http:\/\/support.apple.com\/kb\/HT1677?viewlocale=es_ES<\/li>\n<li>Google Chrome: https:\/\/support.google.com\/chrome\/answer\/95647?hl=es<\/li>\n<li>Internet Explorer: http:\/\/windows.microsoft.com\/es-ES\/windows-vista\/Block-or-allow-cookies<\/li>\n<\/ul>\n<\/div><div class=\"fusion-clearfix\"><\/div>\n\n\t\t\t\t\t<\/div>\n\t\t\t\t<\/div><\/div><\/div>\n","protected":false},"excerpt":{"rendered":"","protected":false},"author":2,"featured_media":0,"parent":0,"menu_order":0,"comment_status":"closed","ping_status":"closed","template":"100-width.php","meta":{"footnotes":""},"class_list":["post-1255","page","type-page","status-publish","hentry"],"_links":{"self":[{"href":"https:\/\/sansabogados.com\/es\/wp-json\/wp\/v2\/pages\/1255","targetHints":{"allow":["GET"]}}],"collection":[{"href":"https:\/\/sansabogados.com\/es\/wp-json\/wp\/v2\/pages"}],"about":[{"href":"https:\/\/sansabogados.com\/es\/wp-json\/wp\/v2\/types\/page"}],"author":[{"embeddable":true,"href":"https:\/\/sansabogados.com\/es\/wp-json\/wp\/v2\/users\/2"}],"replies":[{"embeddable":true,"href":"https:\/\/sansabogados.com\/es\/wp-json\/wp\/v2\/comments?post=1255"}],"version-history":[{"count":2,"href":"https:\/\/sansabogados.com\/es\/wp-json\/wp\/v2\/pages\/1255\/revisions"}],"predecessor-version":[{"id":1755,"href":"https:\/\/sansabogados.com\/es\/wp-json\/wp\/v2\/pages\/1255\/revisions\/1755"}],"wp:attachment":[{"href":"https:\/\/sansabogados.com\/es\/wp-json\/wp\/v2\/media?parent=1255"}],"curies":[{"name":"wp","href":"https:\/\/api.w.org\/{rel}","templated":true}]}}