{"id":1249,"date":"2017-06-08T18:12:36","date_gmt":"2017-06-08T16:12:36","guid":{"rendered":"https:\/\/sansabogados.com\/politica-de-privacidad-y-proteccion-de-datos\/"},"modified":"2021-06-29T15:13:02","modified_gmt":"2021-06-29T13:13:02","slug":"politica-de-privacidad-y-proteccion-de-datos","status":"publish","type":"page","link":"https:\/\/sansabogados.com\/es\/politica-de-privacidad-y-proteccion-de-datos\/","title":{"rendered":"POL\u00cdTICA DE PRIVACIDAD Y PROTECCI\u00d3N DE DATOS"},"content":{"rendered":"<div class=\"fusion-fullwidth fullwidth-box nonhundred-percent-fullwidth non-hundred-percent-height-scrolling\"  style='background-color: rgba(255,255,255,0);background-position: left top;background-repeat: no-repeat;padding-top:110px;padding-right:0px;padding-bottom:20px;padding-left:0px;border-top-width:0px;border-bottom-width:0px;border-color:#eae9e9;border-top-style:solid;border-bottom-style:solid;'><div class=\"fusion-builder-row fusion-row \"><div  class=\"fusion-layout-column fusion_builder_column fusion_builder_column_1_1  fusion-one-full fusion-column-first fusion-column-last fusion-column-no-min-height 1_1\"  style='margin-top:0px;margin-bottom:0px;'>\n\t\t\t\t\t<div class=\"fusion-column-wrapper\" style=\"padding: 0px 0px 0px 0px;background-position:left top;background-repeat:no-repeat;-webkit-background-size:cover;-moz-background-size:cover;-o-background-size:cover;background-size:cover;\"  data-bg-url=\"\">\n\t\t\t\t\t\t<div class=\"fusion-sep-clear\"><\/div><div class=\"fusion-separator fusion-full-width-sep sep-single sep-solid\" style=\"border-color:#7a0040;border-top-width:5px;margin-left: auto;margin-right: auto;margin-top:0px;margin-bottom:0px;\"><\/div><div class=\"fusion-clearfix\"><\/div>\n\n\t\t\t\t\t<\/div>\n\t\t\t\t<\/div><div  class=\"fusion-layout-column fusion_builder_column fusion_builder_column_1_1  fusion-one-full fusion-column-first fusion-column-last fusion-blend-mode green-border rounded-border 1_1\"  style='margin-top:0px;margin-bottom:20px;'>\n\t\t\t\t\t<div class=\"fusion-column-wrapper\" style=\"background-color:#ffffff;border:1px solid #e2e2e2;padding: 60px 60px 40px 60px;background-position:left top;background-repeat:no-repeat;-webkit-background-size:cover;-moz-background-size:cover;-o-background-size:cover;background-size:cover;\"  data-bg-url=\"\">\n\t\t\t\t\t\t<div class=\"fusion-text\"><h3 style=\"text-align: left; margin-top: -20px;\">POL\u00cdTICA DE PRIVACIDAD Y PROTECCI\u00d3N DE DATOS<\/h3>\n<p>Esta web y su titular, Celso Sans, cumplen con la normativa de protecci\u00f3n de datos (Ley Org\u00e1nica 15\/1999 de 13 de diciembre de Protecci\u00f3n de Datos de Car\u00e1cter Personal, el Real Decreto 1720\/2007 de 21 de diciembre por el que se aprueba el Reglamento de desarrollo de la Ley Org\u00e1nica y dem\u00e1s normativa vigente).<\/p>\n<p>Para la visita y navegaci\u00f3n por la web no es necesario que se facilite ning\u00fan dato de car\u00e1cter personal.<br \/>\nLos casos en los que las visitantes pueden dar sus datos (nombre y email) son al escribir a trav\u00e9s del formulario de contacto, al comentar en el blog o al enviar un email al titular.<\/p>\n<p>En cada ocasi\u00f3n, los datos podr\u00e1n incorporarse a un fichero del cual Celso Sans ser\u00e1 responsable de su gesti\u00f3n y tratamiento. En todo momento se toman las medidas necesarias para garantizar la seguridad de los datos y \u00fanicamente se emplear\u00e1n los datos con la finalidad para la que el usuario los ha facilitado.<\/p>\n<p>En todo momento, los usuarios podr\u00e1n ejercer sus derechos ARCO (acceso, rectificaci\u00f3n, cancelaci\u00f3n u oposici\u00f3n). Para ello, pueden enviar su solicitud con copia de documento acreditativo de su identidad por correo certificado a a la direcci\u00f3n de contacto, Gran V\u00eda Carlos III, Edificio Norte, n\u00ba 98, puerta 10 \u2013 08028 Barcelona.<\/p>\n<p>Recordamos que el acceso a esta web puede implicar la utilizaci\u00f3n de cookies, que se almacenan en el navegador de los usuarios para facilitar la navegaci\u00f3n. M\u00e1s informaci\u00f3n en: <a href=\"https:\/\/sansabogados.com\/es\/politica-cookies\/\">pol\u00edtica de cookies.<\/a><\/p>\n<\/div><div class=\"fusion-clearfix\"><\/div>\n\n\t\t\t\t\t<\/div>\n\t\t\t\t<\/div><\/div><\/div>\n","protected":false},"excerpt":{"rendered":"","protected":false},"author":2,"featured_media":0,"parent":0,"menu_order":0,"comment_status":"closed","ping_status":"closed","template":"100-width.php","meta":{"footnotes":""},"class_list":["post-1249","page","type-page","status-publish","hentry"],"_links":{"self":[{"href":"https:\/\/sansabogados.com\/es\/wp-json\/wp\/v2\/pages\/1249","targetHints":{"allow":["GET"]}}],"collection":[{"href":"https:\/\/sansabogados.com\/es\/wp-json\/wp\/v2\/pages"}],"about":[{"href":"https:\/\/sansabogados.com\/es\/wp-json\/wp\/v2\/types\/page"}],"author":[{"embeddable":true,"href":"https:\/\/sansabogados.com\/es\/wp-json\/wp\/v2\/users\/2"}],"replies":[{"embeddable":true,"href":"https:\/\/sansabogados.com\/es\/wp-json\/wp\/v2\/comments?post=1249"}],"version-history":[{"count":2,"href":"https:\/\/sansabogados.com\/es\/wp-json\/wp\/v2\/pages\/1249\/revisions"}],"predecessor-version":[{"id":1748,"href":"https:\/\/sansabogados.com\/es\/wp-json\/wp\/v2\/pages\/1249\/revisions\/1748"}],"wp:attachment":[{"href":"https:\/\/sansabogados.com\/es\/wp-json\/wp\/v2\/media?parent=1249"}],"curies":[{"name":"wp","href":"https:\/\/api.w.org\/{rel}","templated":true}]}}