{"id":1246,"date":"2017-06-08T18:08:17","date_gmt":"2017-06-08T16:08:17","guid":{"rendered":"https:\/\/sansabogados.com\/aviso-legal\/"},"modified":"2021-06-29T15:13:43","modified_gmt":"2021-06-29T13:13:43","slug":"aviso-legal","status":"publish","type":"page","link":"https:\/\/sansabogados.com\/es\/aviso-legal\/","title":{"rendered":"AVISO LEGAL"},"content":{"rendered":"<div class=\"fusion-fullwidth fullwidth-box nonhundred-percent-fullwidth non-hundred-percent-height-scrolling\"  style='background-color: rgba(255,255,255,0);background-position: left top;background-repeat: no-repeat;padding-top:110px;padding-right:0px;padding-bottom:20px;padding-left:0px;border-top-width:0px;border-bottom-width:0px;border-color:#eae9e9;border-top-style:solid;border-bottom-style:solid;'><div class=\"fusion-builder-row fusion-row \"><div  class=\"fusion-layout-column fusion_builder_column fusion_builder_column_1_1  fusion-one-full fusion-column-first fusion-column-last fusion-column-no-min-height 1_1\"  style='margin-top:0px;margin-bottom:0px;'>\n\t\t\t\t\t<div class=\"fusion-column-wrapper\" style=\"padding: 0px 0px 0px 0px;background-position:left top;background-repeat:no-repeat;-webkit-background-size:cover;-moz-background-size:cover;-o-background-size:cover;background-size:cover;\"  data-bg-url=\"\">\n\t\t\t\t\t\t<div class=\"fusion-sep-clear\"><\/div><div class=\"fusion-separator fusion-full-width-sep sep-single sep-solid\" style=\"border-color:#7a0040;border-top-width:5px;margin-left: auto;margin-right: auto;margin-top:0px;margin-bottom:0px;\"><\/div><div class=\"fusion-clearfix\"><\/div>\n\n\t\t\t\t\t<\/div>\n\t\t\t\t<\/div><div  class=\"fusion-layout-column fusion_builder_column fusion_builder_column_1_1  fusion-one-full fusion-column-first fusion-column-last fusion-blend-mode green-border rounded-border 1_1\"  style='margin-top:0px;margin-bottom:20px;'>\n\t\t\t\t\t<div class=\"fusion-column-wrapper\" style=\"background-color:#ffffff;border:1px solid #e2e2e2;padding: 60px 60px 40px 60px;background-position:left top;background-repeat:no-repeat;-webkit-background-size:cover;-moz-background-size:cover;-o-background-size:cover;background-size:cover;\"  data-bg-url=\"\">\n\t\t\t\t\t\t<div class=\"fusion-text\"><h3 style=\"text-align: left; margin-top: -20px;\">AVISO LEGAL<\/h3>\n<p><strong>Identificaci\u00f3n y titularidad. <\/strong><br \/>\nEl propietario y responsable de esta web es Celso Sans, abogado y consejero de empresa, colegiado ICAB 11.837, con domicilio en Barcelona, Gran V\u00eda Carlos III, Edificio Norte, n\u00ba 98, 10\u00aa planta, 08028.<br \/>\nPuede contactar con Celso enviando un email a info@sansabogados.com.<\/p>\n<p><strong>Normas de comportamiento. <\/strong><br \/>\nLos visitantes y usuarios de esta web deben respetar su tem\u00e1tica y hacer un uso adecuado de sus contenidos. Especialmente, no emplearlos con fines il\u00edcitos, ilegales o contrarios a la buena fe y orden p\u00fablico.<br \/>\nNo se permiten comentarios insultantes o que vayan contra el buen tono de este web.<br \/>\nEl responsable se reserva el derecho de eliminar los comentarios que atenten contra estas normas y no ser\u00e1 responsable de las opiniones que los usuarios puedan dejar.<\/p>\n<p><strong>Propiedad intelectual. <\/strong><br \/>\nLas publicaciones y contenidos de esta web y su blog est\u00e1n sujetos a derechos de autor y propiedad intelectual, cuyo titular es Celso Sans. No se transmitir\u00e1n o ceder\u00e1n estos derechos sin su consentimiento previo, expl\u00edcito y por escrito.<br \/>\nDe manera concreta, dichas publicaciones y contenidos no se podr\u00e1n reproducir, difundir, vender, distribuir ni usar, con fines comerciales o no.<\/p>\n<p><strong>Responsabilidad del titular. <\/strong><br \/>\nLos comentarios o consejos que se publiquen en esta web no sustituir\u00e1n en ninguna manera el asesoramiento legal personalizado. No habr\u00e1 responsabilidad por el mal uso que puedan hacer los usuarios de las informaciones aqu\u00ed publicadas.<br \/>\nTampoco habr\u00e1 responsabilidad del titular en ning\u00fan caso de los perjuicios o da\u00f1os de cualquier tipo que pudiera ocasionar la visita a esta web, ya sea por error u omisi\u00f3n en los contenidos o por la transmisi\u00f3n de alg\u00fan programa malicioso que se produzca a pesar de haber tomado las medidas tecnol\u00f3gicas necesarias para evitarlo. Del mismo modo, no habr\u00e1 responsabilidad de los contenidos de las webs externas que pudieran enlazarse desde esta web.<\/p>\n<p><strong>Protecci\u00f3n de datos. <\/strong><br \/>\nCelso Sans cumple con la normativa vigente en materia de protecci\u00f3n de datos (Ley Org\u00e1nica 15\/1999 de 13 de diciembre de Protecci\u00f3n de Datos de Car\u00e1cter Personal, el Real Decreto 1720\/2007 de 21 de diciembre por el que se aprueba el Reglamento de desarrollo de la Ley Org\u00e1nica y dem\u00e1s normativa vigente). M\u00e1s informaci\u00f3n en este enlace: Pol\u00edtica de privacidad.<\/p>\n<p><strong>Pol\u00edtica de cookies. <\/strong><br \/>\nEn esta web se emplean cookies para mejorar la navegaci\u00f3n del usuario. M\u00e1s informaci\u00f3n en: pol\u00edtica de cookies.<\/p>\n<p><strong>Legislaci\u00f3n aplicable y jurisdicci\u00f3n. <\/strong><br \/>\nEstas condiciones legales se han redactado en virtud a la ley espa\u00f1ola. En caso de conflicto en la interpretaci\u00f3n de las presentes condiciones, la jurisdicci\u00f3n competente ser\u00e1 la del domicilio del cliente y, subsidiariamente, los Juzgados de Barcelona.<\/p>\n<p><strong>Modificaci\u00f3n del contenido del aviso legal. <\/strong><br \/>\nEste aviso legal podr\u00e1 ser modificado en cualquier momento, atendiendo a la evoluci\u00f3n de esta web y los contenidos en ella ofrecidos.<\/p>\n<\/div><div class=\"fusion-clearfix\"><\/div>\n\n\t\t\t\t\t<\/div>\n\t\t\t\t<\/div><\/div><\/div>\n","protected":false},"excerpt":{"rendered":"","protected":false},"author":2,"featured_media":0,"parent":0,"menu_order":0,"comment_status":"closed","ping_status":"closed","template":"100-width.php","meta":{"footnotes":""},"class_list":["post-1246","page","type-page","status-publish","hentry"],"_links":{"self":[{"href":"https:\/\/sansabogados.com\/es\/wp-json\/wp\/v2\/pages\/1246","targetHints":{"allow":["GET"]}}],"collection":[{"href":"https:\/\/sansabogados.com\/es\/wp-json\/wp\/v2\/pages"}],"about":[{"href":"https:\/\/sansabogados.com\/es\/wp-json\/wp\/v2\/types\/page"}],"author":[{"embeddable":true,"href":"https:\/\/sansabogados.com\/es\/wp-json\/wp\/v2\/users\/2"}],"replies":[{"embeddable":true,"href":"https:\/\/sansabogados.com\/es\/wp-json\/wp\/v2\/comments?post=1246"}],"version-history":[{"count":2,"href":"https:\/\/sansabogados.com\/es\/wp-json\/wp\/v2\/pages\/1246\/revisions"}],"predecessor-version":[{"id":1749,"href":"https:\/\/sansabogados.com\/es\/wp-json\/wp\/v2\/pages\/1246\/revisions\/1749"}],"wp:attachment":[{"href":"https:\/\/sansabogados.com\/es\/wp-json\/wp\/v2\/media?parent=1246"}],"curies":[{"name":"wp","href":"https:\/\/api.w.org\/{rel}","templated":true}]}}